{"id":50665,"date":"2016-03-22T12:56:21","date_gmt":"2016-03-22T12:56:21","guid":{"rendered":"http:\/\/avoces.com\/?page_id=50665"},"modified":"2016-03-22T12:56:21","modified_gmt":"2016-03-22T12:56:21","slug":"politica-de-cookies","status":"publish","type":"page","link":"https:\/\/jtf.htw.temporary.site\/voicelibrary.net\/politica-de-cookies\/","title":{"rendered":"Politica de Cookies"},"content":{"rendered":"<p>Pol\u00edtica de cookies<\/p>\n<p>Este sitio web, al igual que la mayor\u00eda de sitios web en Internet, usa cookies para mejorar la experiencia de navegaci\u00f3n del usuario. A continuaci\u00f3n encontrar\u00e1 informaci\u00f3n sobre qu\u00e9 son las cookies, qu\u00e9 tipo de cookies utiliza este portal, c\u00f3mo puede desactivar las cookies en su navegador y como personalizar el contenido y los anuncios, para desactivar espec\u00edficamente la instalaci\u00f3n de cookies de terceros. Si no encuentra la informaci\u00f3n espec\u00edfica que usted est\u00e1 buscando, por favor dir\u00edjase a <a href=\"mailto:info@avoces.com\">info@avoces.com<\/a>.<\/p>\n<p>\u00bfQu\u00e9 son las cookies?<\/p>\n<p>Las cookies son peque\u00f1os archivos que algunas plataformas, como las p\u00e1ginas web, pueden instalar en su ordenador, Smartphone, tableta o televisi\u00f3n conectada. Sus funciones pueden ser muy variadas: almacenar sus preferencias de navegaci\u00f3n, recopilar informaci\u00f3n estad\u00edstica, permitir ciertas funcionalidades t\u00e9cnicas, etc\u00e9tera. En ocasiones, las cookies se utilizan para almacenar informaci\u00f3n b\u00e1sica sobre los h\u00e1bitos de navegaci\u00f3n del usuario o de su equipo, hasta el punto, seg\u00fan los casos, de poder reconocerlo.<\/p>\n<p>\u00bfPor qu\u00e9 son importantes?<\/p>\n<p>Las cookies son \u00fatiles por varios motivos. Desde un punto de vista t\u00e9cnico, permiten que las p\u00e1ginas web funcionen de forma m\u00e1s \u00e1gil y adaptada a las preferencias del usuario como, por ejemplo, almacenar su idioma o la moneda de su pa\u00eds. Adem\u00e1s, ayudan a los responsables de los sitios web a mejorar los servicios que ofrecen, gracias a la informaci\u00f3n estad\u00edstica que recogen a trav\u00e9s de ellas. Finalmente, sirven para hacer m\u00e1s eficiente la publicidad que le mostramos, gracias a la cual le podemos ofrecer servicios de forma gratuita.<\/p>\n<p>\u00bfC\u00f3mo utilizamos las cookies?<\/p>\n<p>Esta web utiliza tanto &#8220;cookies&#8221; temporales de sesi\u00f3n como &#8220;cookies&#8221; permanentes. Las &#8220;cookies de sesi\u00f3n almacenan datos \u00fanicamente mientras el usuario accede a la web y las &#8220;cookies&#8221; permanentes almacenan los datos en el terminal para que sean accedidos y utilizados en m\u00e1s de una sesi\u00f3n.<br \/>\nSeg\u00fan la finalidad para la que se traten los datos obtenidos a trav\u00e9s de las &#8220;cookies&#8221;, el web puede utilizar:<\/p>\n<p>Cookies de mejora del rendimiento<\/p>\n<p>Este tipo de cookies conserva sus preferencias para ciertas herramientas o servicios para que no tenga que reconfigurarlos cada vez que visita nuestro portal, y en algunos casos, pueden ser aportadas por terceros. Algunos ejemplos de este tipo de cookies son: ajuste del volumen de los reproductores audiovisuales, preferencias de ordenaci\u00f3n de art\u00edculos o velocidades de reproducci\u00f3n de v\u00eddeo compatibles. En el caso de comercio electr\u00f3nico, permiten mantener informaci\u00f3n sobre su cesta de la compra. Nuestra web utiliza servicios de terceros que podr\u00e1n instalar cookies para la mejora del rendimiento.<\/p>\n<p>Cookies de an\u00e1lisis estad\u00edstico<\/p>\n<p>Cada vez que un usuario visita un Servicio, una herramienta de un proveedor externo (Omniture, Netscope, Comscore y similares que podr\u00e1n a\u00f1adirse a este listado en caso de que var\u00eden en relaci\u00f3n con los actuales) genera una Cookie anal\u00edtica en el ordenador del Usuario. Esta Cookies que s\u00f3lo ser genera en la visita, servir\u00e1 en pr\u00f3ximas visitas a los servicios de Avoces.com para identificar de forma an\u00f3nima al visitante. Los objetivos principales que se persiguen son:<br \/>\nPermitir la identificaci\u00f3n an\u00f3nima de los Usuarios navegantes a trav\u00e9s de la &#8220;cookie&#8221; (identifica navegadores y dispositivos, no personas) y por lo tanto la contabilizaci\u00f3n aproximada del n\u00famero de visitantes y su tendencia en el tiempo.<br \/>\nIdentificar de forma an\u00f3nima los contenidos m\u00e1s visitados y por lo tanto m\u00e1s atractivos para los Usuarios.<br \/>\nSaber si el Usuario que est\u00e1 accediendo es nuevo o repite visita.<br \/>\nImportante: Salvo que el Usuario decida registrarse en un Servicio de Avoces.com, la &#8220;Cookie&#8221; nunca ir\u00e1 asociada a ning\u00fan dato de car\u00e1cter personal que pueda identificarle. Dichas Cookies s\u00f3lo ser\u00e1n utilizadas con prop\u00f3sitos estad\u00edsticos que ayuden a la optimizaci\u00f3n de la experiencia de los Usuarios en el sitio.<br \/>\nM\u00e1s informaci\u00f3n sobre la pol\u00edtica de privacidad de estas herramientas en:<br \/>\n&#8211; Omniture: <a href=\"http:\/\/www.omniture.com\/es\/privacy\" target=\"_blank\">www.omniture.com\/es\/privacy<\/a>;<br \/>\n&#8211; Comscore: <a href=\"http:\/\/www.comscore.com\/esl\/About_ComScore\/Privacy_Policy\" target=\"_blank\">www.comscore.com\/esl\/About_ComScore\/Privacy_Policy<\/a>; y<br \/>\n&#8211; Netscope: <a href=\"http:\/\/www.net-scope.com\/oursolutions\/oursolutions.aspx\" target=\"_blank\">www.net-scope.com\/oursolutions\/oursolutions.aspx<\/a>.<\/p>\n<p>Cookies de geolocalizaci\u00f3n<\/p>\n<p>Estas cookies son usadas por programas que intentan localizar geogr\u00e1ficamente la situaci\u00f3n del ordenador, Smartphone, tableta o televisi\u00f3n conectada, para de manera totalmente an\u00f3nima, ofrecerle contenidos y servicios m\u00e1s adecuados.<\/p>\n<p>Cookies de registro<\/p>\n<p>Cuando usted se registra en nuestro portal, se generan cookies propias que le identifican como usuario registrado e indican cu\u00e1ndo usted se ha identificado en el portal, por ejemplo para comprobar que est\u00e1 autorizado a participar en un concurso.<br \/>\nEstas cookies son utilizadas para identificar su cuenta de usuario y sus servicios asociados, facilitando as\u00ed su navegaci\u00f3n. Estas cookies se mantienen mientras usted no abandone la cuenta, cierre el navegador o apague el dispositivo. Estas cookies pueden ser utilizadas en combinaci\u00f3n con datos anal\u00edticos para identificar de manera individual sus preferencias en nuestro portal.<br \/>\nAdicionalmente, algunos Servicios pueden utilizar conectores con redes sociales tales como Facebook, LinkedIn o Twitter. Cuando el usuario se registra en un Servicio con credenciales de una red social, autoriza a la red social a guardar una Cookie persistente que recuerda su identidad y le garantiza acceso a los Servicios hasta que expira. El Usuario puede borrar esta Cookie y revocar el acceso a los Servicios mediante redes sociales actualizando sus preferencias en la red social que especifica.<\/p>\n<p>Cookies publicitarias<\/p>\n<p>Adem\u00e1s de la publicidad gestionada directamente por Avoces.com en sus Servicios, la web de Avoces.com ofrece a sus anunciantes la opci\u00f3n de servir anuncios a trav\u00e9s de terceros (&#8220;Ad Servers&#8221;). De este modo, estos terceros pueden almacenar Cookies enviadas desde los Servicios de Avoces.com procedentes de los navegadores de los Usuarios, as\u00ed como acceder a los datos que en ellas se guardan.<\/p>\n<p>Cookies publicitarias de terceros<\/p>\n<p>Adem\u00e1s de la publicidad gestionada directamente por Avoces.com en sus Servicios, la web de Avoces.com ofrece a sus anunciantes la opci\u00f3n de servir anuncios a trav\u00e9s de terceros (&#8220;Ad Servers&#8221;). De este modo, estos terceros pueden almacenar Cookies enviadas desde los Servicios de Avoces.com procedentes de los navegadores de los Usuarios, as\u00ed como acceder a los datos que en ellas se guardan.<br \/>\nLas empresas que generan estas Cookies tienen sus propias pol\u00edticas de privacidad. En la actualidad, la web de Avoces.com utiliza la plataforma Doubleclick (Google) para gestionar estos servicios. Para m\u00e1s informaci\u00f3n acuda a:<br \/>\n<a href=\"http:\/\/www.google.es\/policies\/technologies\/ads\/\" target=\"_blank\">http:\/\/www.google.es\/policies\/technologies\/ads\/<\/a>, y a<br \/>\n<a href=\"http:\/\/www.google.es\/poilicies\/privacy\/ads\" target=\"_blank\">http:\/\/www.google.es\/poilicies\/privacy\/ads<\/a>.<\/p>\n<p>Otras cookies de terceros<\/p>\n<p>En algunas de nuestras p\u00e1ginas se pueden instalar cookies de terceros que permitan gestionar y mejorar los servicios que \u00e9stos ofrecen. Un ejemplo de este uso son los enlaces a las redes sociales que permiten compartir nuestros contenidos.<\/p>\n<p>\u00bfC\u00f3mo administrar cookies en el navegador?<\/p>\n<p>El Usuario tiene la opci\u00f3n de permitir, bloquear o eliminar las &#8220;cookies&#8221; instaladas en su equipo mediante la configuraci\u00f3n de las opciones de su navegador de internet.<br \/>\nTodos los navegadores modernos permiten cambiar la configuraci\u00f3n de Cookies. Estos ajustes normalmente se encuentran en las &#8220;opciones&#8221; o &#8220;preferencias del men\u00fa de su navegador.<br \/>\nLa Web de Avoces.com ofrece orientaci\u00f3n al Usuario sobre los pasos para acceder al men\u00fa de configuraci\u00f3n de las cookies y, en su caso, de la navegaci\u00f3n privada en cada uno de los navegadores principales:<br \/>\nInternet Explorer:<br \/>\nHerramientas-&gt;Opciones de Internet-&gt;Privacidad-&gt;Configuraci\u00f3n.<br \/>\nPara m\u00e1s informaci\u00f3n, puede consultar el soporte de Microsoft o la Ayuda del Navegador.<br \/>\n<a href=\"https:\/\/support.microsoft.com\/ca-es\" target=\"_blank\">https:\/\/support.microsoft.com\/ca-es<\/a><\/p>\n<p>Firefox:<br \/>\nHerramientas-&gt;Opciones-&gt;Privacidad-&gt;Historial-&gt;Configuraci\u00f3n Personalizada.<br \/>\nPara m\u00e1s informaci\u00f3n puede consultar el soporte de Mozilla o la Ayuda del Navegador.<br \/>\n<a href=\"https:\/\/support.mozilla.org\/es\/products\/firefox\" target=\"_blank\">https:\/\/support.mozilla.org\/es\/products\/firefox<\/a><\/p>\n<p>Chrome:<br \/>\nConfiguraci\u00f3n-&gt;Mostrar opciones avanzadas-&gt;Privacidad-&gt;Configuraci\u00f3n de contenido.<br \/>\nPara m\u00e1s informaci\u00f3n, puede consultar el soporte de Google o la Ayuda del Navegador.<br \/>\n<a href=\"https:\/\/support.google.com\/?hl=es\" target=\"_blank\">https:\/\/support.google.com\/?hl=es<\/a><\/p>\n<p>Safari: Preferencias-&gt;Seguridad.<br \/>\nPara m\u00e1s informaci\u00f3n, puede consultar el soporte de Apple o la Ayuda del Navegador<br \/>\n<a href=\"https:\/\/www.apple.com\/es\/support\/\" target=\"_blank\">https:\/\/www.apple.com\/es\/support\/<\/a><\/p>\n<p>\u00bfQu\u00e9 ocurre si se deshabilitan las cookies?<\/p>\n<p>Algunas funcionalidades de los Servicios quedar\u00e1n deshabilitados como, por ejemplo, permanecer identificado, mantener las compras en el &#8220;carrito de la compra&#8221; en un Servicio de e-commerce, recibir informaci\u00f3n dirigida a su localizaci\u00f3n o la visualizaci\u00f3n de algunos v\u00eddeos.<\/p>\n<p>Actualizaciones y cambios en la Pol\u00edtica de Cookies<\/p>\n<p>Cuando se produzcan cambios significativos en esta Pol\u00edtica de Cookies, se comunicar\u00e1n a los Usuarios bien mediante la web o a trav\u00e9s de correo electr\u00f3nico a los Usuarios registrados.<\/p>\n","protected":false},"excerpt":{"rendered":"<p>Pol\u00edtica de cookies Este sitio web, al igual que la mayor\u00eda de sitios web en Internet, usa cookies para mejorar la experiencia de navegaci\u00f3n del usuario. A continuaci\u00f3n encontrar\u00e1 informaci\u00f3n sobre qu\u00e9 son las cookies, qu\u00e9 tipo de cookies utiliza este portal, c\u00f3mo puede desactivar&#8230;<\/p>\n","protected":false},"author":6,"featured_media":0,"parent":0,"menu_order":0,"comment_status":"closed","ping_status":"closed","template":"","meta":{"jetpack_post_was_ever_published":false,"footnotes":""},"class_list":["post-50665","page","type-page","status-publish","hentry"],"yoast_head":"<!-- This site is optimized with the Yoast SEO plugin v26.9 - https:\/\/yoast.com\/product\/yoast-seo-wordpress\/ -->\n<title>Politica de Cookies - Locutores Extranjeros<\/title>\n<meta name=\"robots\" content=\"index, follow, max-snippet:-1, max-image-preview:large, max-video-preview:-1\" \/>\n<link rel=\"canonical\" href=\"https:\/\/avoces.com\/politica-de-cookies\/\" \/>\n<meta property=\"og:locale\" content=\"en_GB\" \/>\n<meta property=\"og:type\" content=\"article\" \/>\n<meta property=\"og:title\" content=\"Politica de Cookies - Locutores Extranjeros\" \/>\n<meta property=\"og:description\" content=\"Pol\u00edtica de cookies Este sitio web, al igual que la mayor\u00eda de sitios web en Internet, usa cookies para mejorar la experiencia de navegaci\u00f3n del usuario. A continuaci\u00f3n encontrar\u00e1 informaci\u00f3n sobre qu\u00e9 son las cookies, qu\u00e9 tipo de cookies utiliza este portal, c\u00f3mo puede desactivar...\" \/>\n<meta property=\"og:url\" content=\"https:\/\/avoces.com\/politica-de-cookies\/\" \/>\n<meta property=\"og:site_name\" content=\"Locutores Extranjeros\" \/>\n<meta property=\"article:publisher\" content=\"https:\/\/www.facebook.com\/avoces\" \/>\n<meta name=\"twitter:card\" content=\"summary_large_image\" \/>\n<meta name=\"twitter:label1\" content=\"Estimated reading time\" \/>\n\t<meta name=\"twitter:data1\" content=\"8 minutes\" \/>\n<script type=\"application\/ld+json\" class=\"yoast-schema-graph\">{\"@context\":\"https:\/\/schema.org\",\"@graph\":[{\"@type\":\"WebPage\",\"@id\":\"https:\/\/avoces.com\/politica-de-cookies\/\",\"url\":\"https:\/\/avoces.com\/politica-de-cookies\/\",\"name\":\"Politica de Cookies - Locutores Extranjeros\",\"isPartOf\":{\"@id\":\"https:\/\/avoces.com\/#website\"},\"datePublished\":\"2016-03-22T12:56:21+00:00\",\"breadcrumb\":{\"@id\":\"https:\/\/avoces.com\/politica-de-cookies\/#breadcrumb\"},\"inLanguage\":\"en-GB\",\"potentialAction\":[{\"@type\":\"ReadAction\",\"target\":[\"https:\/\/avoces.com\/politica-de-cookies\/\"]}]},{\"@type\":\"BreadcrumbList\",\"@id\":\"https:\/\/avoces.com\/politica-de-cookies\/#breadcrumb\",\"itemListElement\":[{\"@type\":\"ListItem\",\"position\":1,\"name\":\"Home\",\"item\":\"https:\/\/avoces.com\/\"},{\"@type\":\"ListItem\",\"position\":2,\"name\":\"Politica de Cookies\"}]},{\"@type\":\"WebSite\",\"@id\":\"https:\/\/avoces.com\/#website\",\"url\":\"https:\/\/avoces.com\/\",\"name\":\"Locutores Extranjeros\",\"description\":\"Locutores Profesionales para Sesiones en Estudios\",\"potentialAction\":[{\"@type\":\"SearchAction\",\"target\":{\"@type\":\"EntryPoint\",\"urlTemplate\":\"https:\/\/avoces.com\/?s={search_term_string}\"},\"query-input\":{\"@type\":\"PropertyValueSpecification\",\"valueRequired\":true,\"valueName\":\"search_term_string\"}}],\"inLanguage\":\"en-GB\"}]}<\/script>\n<!-- \/ Yoast SEO plugin. -->","yoast_head_json":{"title":"Politica de Cookies - Locutores Extranjeros","robots":{"index":"index","follow":"follow","max-snippet":"max-snippet:-1","max-image-preview":"max-image-preview:large","max-video-preview":"max-video-preview:-1"},"canonical":"https:\/\/avoces.com\/politica-de-cookies\/","og_locale":"en_GB","og_type":"article","og_title":"Politica de Cookies - Locutores Extranjeros","og_description":"Pol\u00edtica de cookies Este sitio web, al igual que la mayor\u00eda de sitios web en Internet, usa cookies para mejorar la experiencia de navegaci\u00f3n del usuario. A continuaci\u00f3n encontrar\u00e1 informaci\u00f3n sobre qu\u00e9 son las cookies, qu\u00e9 tipo de cookies utiliza este portal, c\u00f3mo puede desactivar...","og_url":"https:\/\/avoces.com\/politica-de-cookies\/","og_site_name":"Locutores Extranjeros","article_publisher":"https:\/\/www.facebook.com\/avoces","twitter_card":"summary_large_image","twitter_misc":{"Estimated reading time":"8 minutes"},"schema":{"@context":"https:\/\/schema.org","@graph":[{"@type":"WebPage","@id":"https:\/\/avoces.com\/politica-de-cookies\/","url":"https:\/\/avoces.com\/politica-de-cookies\/","name":"Politica de Cookies - Locutores Extranjeros","isPartOf":{"@id":"https:\/\/avoces.com\/#website"},"datePublished":"2016-03-22T12:56:21+00:00","breadcrumb":{"@id":"https:\/\/avoces.com\/politica-de-cookies\/#breadcrumb"},"inLanguage":"en-GB","potentialAction":[{"@type":"ReadAction","target":["https:\/\/avoces.com\/politica-de-cookies\/"]}]},{"@type":"BreadcrumbList","@id":"https:\/\/avoces.com\/politica-de-cookies\/#breadcrumb","itemListElement":[{"@type":"ListItem","position":1,"name":"Home","item":"https:\/\/avoces.com\/"},{"@type":"ListItem","position":2,"name":"Politica de Cookies"}]},{"@type":"WebSite","@id":"https:\/\/avoces.com\/#website","url":"https:\/\/avoces.com\/","name":"Locutores Extranjeros","description":"Locutores Profesionales para Sesiones en Estudios","potentialAction":[{"@type":"SearchAction","target":{"@type":"EntryPoint","urlTemplate":"https:\/\/avoces.com\/?s={search_term_string}"},"query-input":{"@type":"PropertyValueSpecification","valueRequired":true,"valueName":"search_term_string"}}],"inLanguage":"en-GB"}]}},"jetpack_sharing_enabled":true,"jetpack_shortlink":"https:\/\/wp.me\/P7k444-dbb","jetpack-related-posts":[],"_links":{"self":[{"href":"https:\/\/jtf.htw.temporary.site\/voicelibrary.net\/wp-json\/wp\/v2\/pages\/50665","targetHints":{"allow":["GET"]}}],"collection":[{"href":"https:\/\/jtf.htw.temporary.site\/voicelibrary.net\/wp-json\/wp\/v2\/pages"}],"about":[{"href":"https:\/\/jtf.htw.temporary.site\/voicelibrary.net\/wp-json\/wp\/v2\/types\/page"}],"author":[{"embeddable":true,"href":"https:\/\/jtf.htw.temporary.site\/voicelibrary.net\/wp-json\/wp\/v2\/users\/6"}],"replies":[{"embeddable":true,"href":"https:\/\/jtf.htw.temporary.site\/voicelibrary.net\/wp-json\/wp\/v2\/comments?post=50665"}],"version-history":[{"count":1,"href":"https:\/\/jtf.htw.temporary.site\/voicelibrary.net\/wp-json\/wp\/v2\/pages\/50665\/revisions"}],"predecessor-version":[{"id":50666,"href":"https:\/\/jtf.htw.temporary.site\/voicelibrary.net\/wp-json\/wp\/v2\/pages\/50665\/revisions\/50666"}],"wp:attachment":[{"href":"https:\/\/jtf.htw.temporary.site\/voicelibrary.net\/wp-json\/wp\/v2\/media?parent=50665"}],"curies":[{"name":"wp","href":"https:\/\/api.w.org\/{rel}","templated":true}]}}