{"id":50908,"date":"2016-05-17T17:58:11","date_gmt":"2016-05-17T17:58:11","guid":{"rendered":"http:\/\/avoces.com\/?page_id=50908"},"modified":"2017-04-23T22:06:58","modified_gmt":"2017-04-23T22:06:58","slug":"locutores-ingleses-en-barcelona","status":"publish","type":"page","link":"https:\/\/jtf.htw.temporary.site\/voicelibrary.net\/locutores-ingleses-en-barcelona\/","title":{"rendered":"Locutores ingleses en Barcelona"},"content":{"rendered":"<div class=\"wpb-content-wrapper\"><p>[vc_row row_type=&#8221;row&#8221; use_row_as_full_screen_section=&#8221;no&#8221; type=&#8221;full_width&#8221; oblique_section=&#8221;no&#8221; text_align=&#8221;left&#8221; triangle_shape=&#8221;yes&#8221; triangle_shape_position=&#8221;bottom&#8221; triangle_shape_color=&#8221;#ffffff&#8221; background_color=&#8221;#f4f4f4&#8243; padding_top=&#8221;60&#8243; padding_bottom=&#8221;60&#8243; css_animation=&#8221;&#8221; box_shadow_on_row=&#8221;no&#8221;][vc_column width=&#8221;1\/4&#8243; css=&#8221;.vc_custom_1463514822104{margin-top: 5px !important;}&#8221;][vc_column_text css=&#8221;.vc_custom_1463515377516{border-top-width: 30px !important;}&#8221;][\/vc_column_text][\/vc_column][vc_column width=&#8221;1\/2&#8243;][vc_column_text]<\/p>\n<h5>Locutores ingleses en Barcelona<\/h5>\n<p>Locutores ingleses en Barcelona para sesiones de grabaci\u00f3n presenciales. Ll\u00e1manos cuando necesites trabajar con un locutor profesional en vivo y en directo, en lugar de aceptar una simple grabaci\u00f3n sin direcci\u00f3n, ni control de calidad.[\/vc_column_text][vc_separator type=&#8221;normal&#8221;][vc_column_text]Locutores ingleses nativos con experiencia en estudios de grabaci\u00f3n. Sesiones de doblaje, publicidad, v\u00eddeos corporativos, videojuegos, tutoriales y documentales.[\/vc_column_text][vc_separator type=&#8221;normal&#8221;][vc_column_text]Una amplia selecci\u00f3n de locutores internacionales preparados para a\u00f1adir valor profesional a tus producciones. Conocemos bien la capacidad de cada artista y recomendaremos el locutor adecuado para cada producci\u00f3n. Contacta con nosotros para comentar el tipo de lectura, edad de la voz y tono que necesitas y recibir\u00e1s un casting con las distintas opciones por correo electr\u00f3nico que podr\u00e1s distribuir con facilidad para tomar una decisi\u00f3n r\u00e1pida.[\/vc_column_text][\/vc_column][vc_column width=&#8221;1\/4&#8243;][\/vc_column][\/vc_row][vc_row row_type=&#8221;row&#8221; use_row_as_full_screen_section=&#8221;no&#8221; type=&#8221;full_width&#8221; oblique_section=&#8221;no&#8221; text_align=&#8221;left&#8221; triangle_shape=&#8221;no&#8221; css_animation=&#8221;&#8221; box_shadow_on_row=&#8221;no&#8221;][vc_column][vc_empty_space image_repeat=&#8221;no-repeat&#8221;][\/vc_column][\/vc_row][vc_row row_type=&#8221;row&#8221; use_row_as_full_screen_section=&#8221;no&#8221; type=&#8221;full_width&#8221; oblique_section=&#8221;no&#8221; text_align=&#8221;left&#8221; triangle_shape=&#8221;yes&#8221; triangle_shape_position=&#8221;both&#8221; triangle_shape_color=&#8221;#ffffff&#8221; side_padding=&#8221;30&#8243; css_animation=&#8221;&#8221; box_shadow_on_row=&#8221;no&#8221;][vc_column][vc_column_text]<\/p>\n<p style=\"text-align: center;\"><a href=\"https:\/\/i0.wp.com\/avoces.com\/wp-content\/uploads\/2017\/02\/locutores_ingleses-barcelona-2.png\"><img data-recalc-dims=\"1\" loading=\"lazy\" decoding=\"async\" data-attachment-id=\"51467\" data-permalink=\"https:\/\/jtf.htw.temporary.site\/voicelibrary.net\/locutores-ingleses-en-barcelona\/locutores_ingleses-barcelona-2\/\" data-orig-file=\"https:\/\/i0.wp.com\/jtf.htw.temporary.site\/voicelibrary.net\/wp-content\/uploads\/2017\/02\/locutores_ingleses-barcelona-2.png?fit=300%2C182&amp;ssl=1\" data-orig-size=\"300,182\" data-comments-opened=\"1\" data-image-meta=\"{&quot;aperture&quot;:&quot;0&quot;,&quot;credit&quot;:&quot;&quot;,&quot;camera&quot;:&quot;&quot;,&quot;caption&quot;:&quot;&quot;,&quot;created_timestamp&quot;:&quot;0&quot;,&quot;copyright&quot;:&quot;&quot;,&quot;focal_length&quot;:&quot;0&quot;,&quot;iso&quot;:&quot;0&quot;,&quot;shutter_speed&quot;:&quot;0&quot;,&quot;title&quot;:&quot;&quot;,&quot;orientation&quot;:&quot;0&quot;}\" data-image-title=\"locutores_ingleses-barcelona-2\" data-image-description=\"\" data-image-caption=\"\" data-medium-file=\"https:\/\/i0.wp.com\/jtf.htw.temporary.site\/voicelibrary.net\/wp-content\/uploads\/2017\/02\/locutores_ingleses-barcelona-2.png?fit=300%2C182&amp;ssl=1\" data-large-file=\"https:\/\/i0.wp.com\/jtf.htw.temporary.site\/voicelibrary.net\/wp-content\/uploads\/2017\/02\/locutores_ingleses-barcelona-2.png?fit=300%2C182&amp;ssl=1\" class=\"alignnone size-medium wp-image-51467\" src=\"https:\/\/i0.wp.com\/avoces.com\/wp-content\/uploads\/2017\/02\/locutores_ingleses-barcelona-2-300x182.png?resize=300%2C182\" alt=\"Locutores Ingleses en Barcelona\" width=\"300\" height=\"182\" \/><\/a><\/p>\n<p>[\/vc_column_text][\/vc_column][\/vc_row][vc_row row_type=&#8221;row&#8221; use_row_as_full_screen_section=&#8221;no&#8221; type=&#8221;full_width&#8221; oblique_section=&#8221;no&#8221; text_align=&#8221;left&#8221; triangle_shape=&#8221;yes&#8221; triangle_shape_position=&#8221;bottom&#8221; triangle_shape_color=&#8221;#333333&#8243; css_animation=&#8221;&#8221; box_shadow_on_row=&#8221;no&#8221;][vc_column width=&#8221;1\/4&#8243;][\/vc_column][vc_column width=&#8221;1\/2&#8243; css=&#8221;.vc_custom_1463594110523{margin-top: 30px !important;margin-bottom: 60px !important;}&#8221;][vc_column_text]<\/p>\n<h5>Derechos de Publicidad Internacional<\/h5>\n<p>Asesoramos en la gesti\u00f3n y administraci\u00f3n de los derechos de publicidad internacional para distintos territorios y plataformas.[\/vc_column_text][\/vc_column][vc_column width=&#8221;1\/4&#8243;][\/vc_column][\/vc_row]<\/p>\n<\/div>","protected":false},"excerpt":{"rendered":"<p>[vc_row row_type=&#8221;row&#8221; use_row_as_full_screen_section=&#8221;no&#8221; type=&#8221;full_width&#8221; oblique_section=&#8221;no&#8221; text_align=&#8221;left&#8221; triangle_shape=&#8221;yes&#8221; triangle_shape_position=&#8221;bottom&#8221; triangle_shape_color=&#8221;#ffffff&#8221; background_color=&#8221;#f4f4f4&#8243; padding_top=&#8221;60&#8243; padding_bottom=&#8221;60&#8243; css_animation=&#8221;&#8221; box_shadow_on_row=&#8221;no&#8221;][vc_column width=&#8221;1\/4&#8243; css=&#8221;.vc_custom_1463514822104{margin-top: 5px !important;}&#8221;][vc_column_text css=&#8221;.vc_custom_1463515377516{border-top-width: 30px !important;}&#8221;][\/vc_column_text][\/vc_column][vc_column width=&#8221;1\/2&#8243;][vc_column_text] Locutores ingleses en Barcelona Locutores ingleses en Barcelona para sesiones de grabaci\u00f3n presenciales. Ll\u00e1manos cuando necesites trabajar con un locutor profesional en vivo&#8230;<\/p>\n","protected":false},"author":6,"featured_media":0,"parent":0,"menu_order":0,"comment_status":"closed","ping_status":"closed","template":"full_width.php","meta":{"jetpack_post_was_ever_published":false,"footnotes":""},"class_list":["post-50908","page","type-page","status-publish","hentry"],"yoast_head":"<!-- This site is optimized with the Yoast SEO plugin v26.9 - https:\/\/yoast.com\/product\/yoast-seo-wordpress\/ -->\n<title>Locutores ingleses en Barcelona.<\/title>\n<meta name=\"description\" content=\"Locutores ingleses en Barcelona para sesiones en estudios locales. Locutores nativos para publicidad, v\u00eddeos corporativos, tutoriales, etc\" \/>\n<meta name=\"robots\" content=\"index, follow, max-snippet:-1, max-image-preview:large, max-video-preview:-1\" \/>\n<link rel=\"canonical\" href=\"https:\/\/avoces.com\/locutores-ingleses-en-barcelona\/\" \/>\n<meta property=\"og:locale\" content=\"en_GB\" \/>\n<meta property=\"og:type\" content=\"article\" \/>\n<meta property=\"og:title\" content=\"Locutores ingleses en Barcelona.\" \/>\n<meta property=\"og:description\" content=\"Locutores ingleses en Barcelona para sesiones en estudios locales. Locutores nativos para publicidad, v\u00eddeos corporativos, tutoriales, etc\" \/>\n<meta property=\"og:url\" content=\"https:\/\/avoces.com\/locutores-ingleses-en-barcelona\/\" \/>\n<meta property=\"og:site_name\" content=\"Locutores Extranjeros\" \/>\n<meta property=\"article:publisher\" content=\"https:\/\/www.facebook.com\/avoces\" \/>\n<meta property=\"article:modified_time\" content=\"2017-04-23T22:06:58+00:00\" \/>\n<meta property=\"og:image\" content=\"http:\/\/avoces.com\/wp-content\/uploads\/2017\/02\/locutores_ingleses-barcelona-2-300x182.png\" \/>\n<meta name=\"twitter:card\" content=\"summary_large_image\" \/>\n<meta name=\"twitter:label1\" content=\"Estimated reading time\" \/>\n\t<meta name=\"twitter:data1\" content=\"2 minutes\" \/>\n<script type=\"application\/ld+json\" class=\"yoast-schema-graph\">{\"@context\":\"https:\/\/schema.org\",\"@graph\":[{\"@type\":\"WebPage\",\"@id\":\"https:\/\/avoces.com\/locutores-ingleses-en-barcelona\/\",\"url\":\"https:\/\/avoces.com\/locutores-ingleses-en-barcelona\/\",\"name\":\"Locutores ingleses en Barcelona.\",\"isPartOf\":{\"@id\":\"https:\/\/avoces.com\/#website\"},\"primaryImageOfPage\":{\"@id\":\"https:\/\/avoces.com\/locutores-ingleses-en-barcelona\/#primaryimage\"},\"image\":{\"@id\":\"https:\/\/avoces.com\/locutores-ingleses-en-barcelona\/#primaryimage\"},\"thumbnailUrl\":\"http:\/\/avoces.com\/wp-content\/uploads\/2017\/02\/locutores_ingleses-barcelona-2-300x182.png\",\"datePublished\":\"2016-05-17T17:58:11+00:00\",\"dateModified\":\"2017-04-23T22:06:58+00:00\",\"description\":\"Locutores ingleses en Barcelona para sesiones en estudios locales. Locutores nativos para publicidad, v\u00eddeos corporativos, tutoriales, etc\",\"breadcrumb\":{\"@id\":\"https:\/\/avoces.com\/locutores-ingleses-en-barcelona\/#breadcrumb\"},\"inLanguage\":\"en-GB\",\"potentialAction\":[{\"@type\":\"ReadAction\",\"target\":[\"https:\/\/avoces.com\/locutores-ingleses-en-barcelona\/\"]}]},{\"@type\":\"ImageObject\",\"inLanguage\":\"en-GB\",\"@id\":\"https:\/\/avoces.com\/locutores-ingleses-en-barcelona\/#primaryimage\",\"url\":\"http:\/\/avoces.com\/wp-content\/uploads\/2017\/02\/locutores_ingleses-barcelona-2-300x182.png\",\"contentUrl\":\"http:\/\/avoces.com\/wp-content\/uploads\/2017\/02\/locutores_ingleses-barcelona-2-300x182.png\"},{\"@type\":\"BreadcrumbList\",\"@id\":\"https:\/\/avoces.com\/locutores-ingleses-en-barcelona\/#breadcrumb\",\"itemListElement\":[{\"@type\":\"ListItem\",\"position\":1,\"name\":\"Home\",\"item\":\"https:\/\/avoces.com\/\"},{\"@type\":\"ListItem\",\"position\":2,\"name\":\"Locutores ingleses en Barcelona\"}]},{\"@type\":\"WebSite\",\"@id\":\"https:\/\/avoces.com\/#website\",\"url\":\"https:\/\/avoces.com\/\",\"name\":\"Locutores Extranjeros\",\"description\":\"Locutores Profesionales para Sesiones en Estudios\",\"potentialAction\":[{\"@type\":\"SearchAction\",\"target\":{\"@type\":\"EntryPoint\",\"urlTemplate\":\"https:\/\/avoces.com\/?s={search_term_string}\"},\"query-input\":{\"@type\":\"PropertyValueSpecification\",\"valueRequired\":true,\"valueName\":\"search_term_string\"}}],\"inLanguage\":\"en-GB\"}]}<\/script>\n<!-- \/ Yoast SEO plugin. -->","yoast_head_json":{"title":"Locutores ingleses en Barcelona.","description":"Locutores ingleses en Barcelona para sesiones en estudios locales. Locutores nativos para publicidad, v\u00eddeos corporativos, tutoriales, etc","robots":{"index":"index","follow":"follow","max-snippet":"max-snippet:-1","max-image-preview":"max-image-preview:large","max-video-preview":"max-video-preview:-1"},"canonical":"https:\/\/avoces.com\/locutores-ingleses-en-barcelona\/","og_locale":"en_GB","og_type":"article","og_title":"Locutores ingleses en Barcelona.","og_description":"Locutores ingleses en Barcelona para sesiones en estudios locales. Locutores nativos para publicidad, v\u00eddeos corporativos, tutoriales, etc","og_url":"https:\/\/avoces.com\/locutores-ingleses-en-barcelona\/","og_site_name":"Locutores Extranjeros","article_publisher":"https:\/\/www.facebook.com\/avoces","article_modified_time":"2017-04-23T22:06:58+00:00","og_image":[{"url":"http:\/\/avoces.com\/wp-content\/uploads\/2017\/02\/locutores_ingleses-barcelona-2-300x182.png","type":"","width":"","height":""}],"twitter_card":"summary_large_image","twitter_misc":{"Estimated reading time":"2 minutes"},"schema":{"@context":"https:\/\/schema.org","@graph":[{"@type":"WebPage","@id":"https:\/\/avoces.com\/locutores-ingleses-en-barcelona\/","url":"https:\/\/avoces.com\/locutores-ingleses-en-barcelona\/","name":"Locutores ingleses en Barcelona.","isPartOf":{"@id":"https:\/\/avoces.com\/#website"},"primaryImageOfPage":{"@id":"https:\/\/avoces.com\/locutores-ingleses-en-barcelona\/#primaryimage"},"image":{"@id":"https:\/\/avoces.com\/locutores-ingleses-en-barcelona\/#primaryimage"},"thumbnailUrl":"http:\/\/avoces.com\/wp-content\/uploads\/2017\/02\/locutores_ingleses-barcelona-2-300x182.png","datePublished":"2016-05-17T17:58:11+00:00","dateModified":"2017-04-23T22:06:58+00:00","description":"Locutores ingleses en Barcelona para sesiones en estudios locales. Locutores nativos para publicidad, v\u00eddeos corporativos, tutoriales, etc","breadcrumb":{"@id":"https:\/\/avoces.com\/locutores-ingleses-en-barcelona\/#breadcrumb"},"inLanguage":"en-GB","potentialAction":[{"@type":"ReadAction","target":["https:\/\/avoces.com\/locutores-ingleses-en-barcelona\/"]}]},{"@type":"ImageObject","inLanguage":"en-GB","@id":"https:\/\/avoces.com\/locutores-ingleses-en-barcelona\/#primaryimage","url":"http:\/\/avoces.com\/wp-content\/uploads\/2017\/02\/locutores_ingleses-barcelona-2-300x182.png","contentUrl":"http:\/\/avoces.com\/wp-content\/uploads\/2017\/02\/locutores_ingleses-barcelona-2-300x182.png"},{"@type":"BreadcrumbList","@id":"https:\/\/avoces.com\/locutores-ingleses-en-barcelona\/#breadcrumb","itemListElement":[{"@type":"ListItem","position":1,"name":"Home","item":"https:\/\/avoces.com\/"},{"@type":"ListItem","position":2,"name":"Locutores ingleses en Barcelona"}]},{"@type":"WebSite","@id":"https:\/\/avoces.com\/#website","url":"https:\/\/avoces.com\/","name":"Locutores Extranjeros","description":"Locutores Profesionales para Sesiones en Estudios","potentialAction":[{"@type":"SearchAction","target":{"@type":"EntryPoint","urlTemplate":"https:\/\/avoces.com\/?s={search_term_string}"},"query-input":{"@type":"PropertyValueSpecification","valueRequired":true,"valueName":"search_term_string"}}],"inLanguage":"en-GB"}]}},"jetpack_sharing_enabled":false,"jetpack_shortlink":"https:\/\/wp.me\/P7k444-df6","jetpack-related-posts":[],"_links":{"self":[{"href":"https:\/\/jtf.htw.temporary.site\/voicelibrary.net\/wp-json\/wp\/v2\/pages\/50908","targetHints":{"allow":["GET"]}}],"collection":[{"href":"https:\/\/jtf.htw.temporary.site\/voicelibrary.net\/wp-json\/wp\/v2\/pages"}],"about":[{"href":"https:\/\/jtf.htw.temporary.site\/voicelibrary.net\/wp-json\/wp\/v2\/types\/page"}],"author":[{"embeddable":true,"href":"https:\/\/jtf.htw.temporary.site\/voicelibrary.net\/wp-json\/wp\/v2\/users\/6"}],"replies":[{"embeddable":true,"href":"https:\/\/jtf.htw.temporary.site\/voicelibrary.net\/wp-json\/wp\/v2\/comments?post=50908"}],"version-history":[{"count":85,"href":"https:\/\/jtf.htw.temporary.site\/voicelibrary.net\/wp-json\/wp\/v2\/pages\/50908\/revisions"}],"predecessor-version":[{"id":51611,"href":"https:\/\/jtf.htw.temporary.site\/voicelibrary.net\/wp-json\/wp\/v2\/pages\/50908\/revisions\/51611"}],"wp:attachment":[{"href":"https:\/\/jtf.htw.temporary.site\/voicelibrary.net\/wp-json\/wp\/v2\/media?parent=50908"}],"curies":[{"name":"wp","href":"https:\/\/api.w.org\/{rel}","templated":true}]}}