{"id":50958,"date":"2016-05-17T20:31:00","date_gmt":"2016-05-17T20:31:00","guid":{"rendered":"http:\/\/avoces.com\/?page_id=50958"},"modified":"2017-03-01T17:41:13","modified_gmt":"2017-03-01T17:41:13","slug":"locutores-ingleses-en-madrid","status":"publish","type":"page","link":"https:\/\/jtf.htw.temporary.site\/voicelibrary.net\/locutores-ingleses-en-madrid\/","title":{"rendered":"Locutores Ingleses en Madrid"},"content":{"rendered":"<div class=\"wpb-content-wrapper\"><p>[vc_row row_type=&#8221;row&#8221; use_row_as_full_screen_section=&#8221;no&#8221; type=&#8221;full_width&#8221; oblique_section=&#8221;no&#8221; text_align=&#8221;left&#8221; triangle_shape=&#8221;yes&#8221; triangle_shape_position=&#8221;bottom&#8221; triangle_shape_color=&#8221;#ffffff&#8221; background_color=&#8221;#f4f4f4&#8243; padding_top=&#8221;60&#8243; padding_bottom=&#8221;60&#8243; css_animation=&#8221;element_from_fade&#8221; box_shadow_on_row=&#8221;no&#8221;][vc_column width=&#8221;1\/4&#8243; css=&#8221;.vc_custom_1463514822104{margin-top: 5px !important;}&#8221;][vc_column_text css=&#8221;.vc_custom_1463515377516{border-top-width: 30px !important;}&#8221;][\/vc_column_text][\/vc_column][vc_column width=&#8221;1\/2&#8243;][vc_column_text]<\/p>\n<h5>Locutores ingleses en Madrid<\/h5>\n<p>Locutores ingleses en Madrid para sesiones de grabaci\u00f3n en estudios locales. Ll\u00e1manos cuando necesites trabajar con un locutor profesional en el estudio de grabaci\u00f3n en lugar de aceptar una simple grabaci\u00f3n sin direcci\u00f3n, ni control de calidad.[\/vc_column_text][vc_separator type=&#8221;normal&#8221;][vc_column_text]Locutores ingleses nativos con experiencia para sesiones de doblaje, publicidad, v\u00eddeos corporativos, v\u00eddeo juegos, tutoriales y documentales.[\/vc_column_text][vc_separator type=&#8221;normal&#8221;][vc_column_text]Una extensa selecci\u00f3n de locutores internacionales listos para a\u00f1adir valor profesional a tus producciones.[\/vc_column_text][\/vc_column][vc_column width=&#8221;1\/4&#8243;][\/vc_column][\/vc_row][vc_row row_type=&#8221;row&#8221; use_row_as_full_screen_section=&#8221;no&#8221; type=&#8221;full_width&#8221; oblique_section=&#8221;no&#8221; text_align=&#8221;left&#8221; triangle_shape=&#8221;yes&#8221; triangle_shape_position=&#8221;top&#8221; triangle_shape_color=&#8221;#ffffff&#8221; css_animation=&#8221;&#8221; box_shadow_on_row=&#8221;no&#8221;][vc_column css=&#8221;.vc_custom_1463729732743{margin-top: 30px !important;}&#8221;][vc_column_text]<\/p>\n<p style=\"text-align: center;\">\u00a0<a href=\"https:\/\/i0.wp.com\/avoces.com\/wp-content\/uploads\/2016\/05\/locutores-ingleses-madrid.jpg\" rel=\"attachment wp-att-51008\"><img data-recalc-dims=\"1\" loading=\"lazy\" decoding=\"async\" data-attachment-id=\"51008\" data-permalink=\"https:\/\/jtf.htw.temporary.site\/voicelibrary.net\/locutores-ingleses-en-madrid\/locutores-ingleses-madrid\/\" data-orig-file=\"https:\/\/i0.wp.com\/jtf.htw.temporary.site\/voicelibrary.net\/wp-content\/uploads\/2016\/05\/locutores-ingleses-madrid.jpg?fit=750%2C287&amp;ssl=1\" data-orig-size=\"750,287\" data-comments-opened=\"1\" data-image-meta=\"{&quot;aperture&quot;:&quot;0&quot;,&quot;credit&quot;:&quot;&quot;,&quot;camera&quot;:&quot;&quot;,&quot;caption&quot;:&quot;&quot;,&quot;created_timestamp&quot;:&quot;0&quot;,&quot;copyright&quot;:&quot;&quot;,&quot;focal_length&quot;:&quot;0&quot;,&quot;iso&quot;:&quot;0&quot;,&quot;shutter_speed&quot;:&quot;0&quot;,&quot;title&quot;:&quot;&quot;,&quot;orientation&quot;:&quot;0&quot;}\" data-image-title=\"locutores-ingleses-madrid\" data-image-description=\"\" data-image-caption=\"\" data-medium-file=\"https:\/\/i0.wp.com\/jtf.htw.temporary.site\/voicelibrary.net\/wp-content\/uploads\/2016\/05\/locutores-ingleses-madrid.jpg?fit=300%2C115&amp;ssl=1\" data-large-file=\"https:\/\/i0.wp.com\/jtf.htw.temporary.site\/voicelibrary.net\/wp-content\/uploads\/2016\/05\/locutores-ingleses-madrid.jpg?fit=750%2C287&amp;ssl=1\" class=\"alignnone size-full wp-image-51008\" src=\"https:\/\/i0.wp.com\/avoces.com\/wp-content\/uploads\/2016\/05\/locutores-ingleses-madrid.jpg?resize=750%2C287\" alt=\"Locutores Ingleses en Madrid\" width=\"750\" height=\"287\" srcset=\"https:\/\/i0.wp.com\/jtf.htw.temporary.site\/voicelibrary.net\/wp-content\/uploads\/2016\/05\/locutores-ingleses-madrid.jpg?w=750&amp;ssl=1 750w, https:\/\/i0.wp.com\/jtf.htw.temporary.site\/voicelibrary.net\/wp-content\/uploads\/2016\/05\/locutores-ingleses-madrid.jpg?resize=300%2C115&amp;ssl=1 300w, https:\/\/i0.wp.com\/jtf.htw.temporary.site\/voicelibrary.net\/wp-content\/uploads\/2016\/05\/locutores-ingleses-madrid.jpg?resize=700%2C268&amp;ssl=1 700w\" sizes=\"auto, (max-width: 750px) 100vw, 750px\" \/><\/a><\/p>\n<p>[\/vc_column_text][\/vc_column][\/vc_row][vc_row row_type=&#8221;row&#8221; use_row_as_full_screen_section=&#8221;no&#8221; type=&#8221;full_width&#8221; oblique_section=&#8221;no&#8221; text_align=&#8221;left&#8221; triangle_shape=&#8221;yes&#8221; triangle_shape_position=&#8221;bottom&#8221; triangle_shape_color=&#8221;#333333&#8243; css_animation=&#8221;&#8221; box_shadow_on_row=&#8221;no&#8221;][vc_column width=&#8221;1\/4&#8243;][\/vc_column][vc_column width=&#8221;1\/2&#8243; css=&#8221;.vc_custom_1463658096528{margin-top: 30px !important;margin-bottom: 60px !important;}&#8221;][vc_column_text]<\/p>\n<h5>Gesti\u00f3n de derechos para publicidad internacional<\/h5>\n<p>Asesoramos en la gesti\u00f3n y administraci\u00f3n de derechos de publicidad internacionales multiterritoriales y multiplataforma[\/vc_column_text][\/vc_column][vc_column width=&#8221;1\/4&#8243;][\/vc_column][\/vc_row]<\/p>\n<\/div>","protected":false},"excerpt":{"rendered":"<p>[vc_row row_type=&#8221;row&#8221; use_row_as_full_screen_section=&#8221;no&#8221; type=&#8221;full_width&#8221; oblique_section=&#8221;no&#8221; text_align=&#8221;left&#8221; triangle_shape=&#8221;yes&#8221; triangle_shape_position=&#8221;bottom&#8221; triangle_shape_color=&#8221;#ffffff&#8221; background_color=&#8221;#f4f4f4&#8243; padding_top=&#8221;60&#8243; padding_bottom=&#8221;60&#8243; css_animation=&#8221;element_from_fade&#8221; box_shadow_on_row=&#8221;no&#8221;][vc_column width=&#8221;1\/4&#8243; css=&#8221;.vc_custom_1463514822104{margin-top: 5px !important;}&#8221;][vc_column_text css=&#8221;.vc_custom_1463515377516{border-top-width: 30px !important;}&#8221;][\/vc_column_text][\/vc_column][vc_column width=&#8221;1\/2&#8243;][vc_column_text] Locutores ingleses en Madrid Locutores ingleses en Madrid para sesiones de grabaci\u00f3n en estudios locales. Ll\u00e1manos cuando necesites trabajar con un locutor profesional&#8230;<\/p>\n","protected":false},"author":6,"featured_media":0,"parent":0,"menu_order":0,"comment_status":"closed","ping_status":"closed","template":"full_width.php","meta":{"jetpack_post_was_ever_published":false,"footnotes":""},"class_list":["post-50958","page","type-page","status-publish","hentry"],"yoast_head":"<!-- This site is optimized with the Yoast SEO plugin v26.9 - https:\/\/yoast.com\/product\/yoast-seo-wordpress\/ -->\n<title>Locutores ingleses en Madrid.<\/title>\n<meta name=\"description\" content=\"Locutores ingleses en Madrid para sesiones en estudios locales. Locutores nativos para publicidad, v\u00eddeos corporativos, tutoriales, etc\" \/>\n<meta name=\"robots\" content=\"index, follow, max-snippet:-1, max-image-preview:large, max-video-preview:-1\" \/>\n<link rel=\"canonical\" href=\"https:\/\/avoces.com\/locutores-ingleses-en-madrid\/\" \/>\n<meta property=\"og:locale\" content=\"en_GB\" \/>\n<meta property=\"og:type\" content=\"article\" \/>\n<meta property=\"og:title\" content=\"Locutores ingleses en Madrid.\" \/>\n<meta property=\"og:description\" content=\"Locutores ingleses en Madrid para sesiones en estudios locales. Locutores nativos para publicidad, v\u00eddeos corporativos, tutoriales, etc\" \/>\n<meta property=\"og:url\" content=\"https:\/\/avoces.com\/locutores-ingleses-en-madrid\/\" \/>\n<meta property=\"og:site_name\" content=\"Locutores Extranjeros\" \/>\n<meta property=\"article:publisher\" content=\"https:\/\/www.facebook.com\/avoces\" \/>\n<meta property=\"article:modified_time\" content=\"2017-03-01T17:41:13+00:00\" \/>\n<meta property=\"og:image\" content=\"http:\/\/avoces.com\/wp-content\/uploads\/2016\/05\/locutores-ingleses-madrid.jpg\" \/>\n<meta name=\"twitter:card\" content=\"summary_large_image\" \/>\n<meta name=\"twitter:label1\" content=\"Estimated reading time\" \/>\n\t<meta name=\"twitter:data1\" content=\"2 minutes\" \/>\n<script type=\"application\/ld+json\" class=\"yoast-schema-graph\">{\"@context\":\"https:\/\/schema.org\",\"@graph\":[{\"@type\":\"WebPage\",\"@id\":\"https:\/\/avoces.com\/locutores-ingleses-en-madrid\/\",\"url\":\"https:\/\/avoces.com\/locutores-ingleses-en-madrid\/\",\"name\":\"Locutores ingleses en Madrid.\",\"isPartOf\":{\"@id\":\"https:\/\/avoces.com\/#website\"},\"primaryImageOfPage\":{\"@id\":\"https:\/\/avoces.com\/locutores-ingleses-en-madrid\/#primaryimage\"},\"image\":{\"@id\":\"https:\/\/avoces.com\/locutores-ingleses-en-madrid\/#primaryimage\"},\"thumbnailUrl\":\"http:\/\/avoces.com\/wp-content\/uploads\/2016\/05\/locutores-ingleses-madrid.jpg\",\"datePublished\":\"2016-05-17T20:31:00+00:00\",\"dateModified\":\"2017-03-01T17:41:13+00:00\",\"description\":\"Locutores ingleses en Madrid para sesiones en estudios locales. Locutores nativos para publicidad, v\u00eddeos corporativos, tutoriales, etc\",\"breadcrumb\":{\"@id\":\"https:\/\/avoces.com\/locutores-ingleses-en-madrid\/#breadcrumb\"},\"inLanguage\":\"en-GB\",\"potentialAction\":[{\"@type\":\"ReadAction\",\"target\":[\"https:\/\/avoces.com\/locutores-ingleses-en-madrid\/\"]}]},{\"@type\":\"ImageObject\",\"inLanguage\":\"en-GB\",\"@id\":\"https:\/\/avoces.com\/locutores-ingleses-en-madrid\/#primaryimage\",\"url\":\"http:\/\/avoces.com\/wp-content\/uploads\/2016\/05\/locutores-ingleses-madrid.jpg\",\"contentUrl\":\"http:\/\/avoces.com\/wp-content\/uploads\/2016\/05\/locutores-ingleses-madrid.jpg\"},{\"@type\":\"BreadcrumbList\",\"@id\":\"https:\/\/avoces.com\/locutores-ingleses-en-madrid\/#breadcrumb\",\"itemListElement\":[{\"@type\":\"ListItem\",\"position\":1,\"name\":\"Home\",\"item\":\"https:\/\/avoces.com\/\"},{\"@type\":\"ListItem\",\"position\":2,\"name\":\"Locutores Ingleses en Madrid\"}]},{\"@type\":\"WebSite\",\"@id\":\"https:\/\/avoces.com\/#website\",\"url\":\"https:\/\/avoces.com\/\",\"name\":\"Locutores Extranjeros\",\"description\":\"Locutores Profesionales para Sesiones en Estudios\",\"potentialAction\":[{\"@type\":\"SearchAction\",\"target\":{\"@type\":\"EntryPoint\",\"urlTemplate\":\"https:\/\/avoces.com\/?s={search_term_string}\"},\"query-input\":{\"@type\":\"PropertyValueSpecification\",\"valueRequired\":true,\"valueName\":\"search_term_string\"}}],\"inLanguage\":\"en-GB\"}]}<\/script>\n<!-- \/ Yoast SEO plugin. -->","yoast_head_json":{"title":"Locutores ingleses en Madrid.","description":"Locutores ingleses en Madrid para sesiones en estudios locales. Locutores nativos para publicidad, v\u00eddeos corporativos, tutoriales, etc","robots":{"index":"index","follow":"follow","max-snippet":"max-snippet:-1","max-image-preview":"max-image-preview:large","max-video-preview":"max-video-preview:-1"},"canonical":"https:\/\/avoces.com\/locutores-ingleses-en-madrid\/","og_locale":"en_GB","og_type":"article","og_title":"Locutores ingleses en Madrid.","og_description":"Locutores ingleses en Madrid para sesiones en estudios locales. Locutores nativos para publicidad, v\u00eddeos corporativos, tutoriales, etc","og_url":"https:\/\/avoces.com\/locutores-ingleses-en-madrid\/","og_site_name":"Locutores Extranjeros","article_publisher":"https:\/\/www.facebook.com\/avoces","article_modified_time":"2017-03-01T17:41:13+00:00","og_image":[{"url":"http:\/\/avoces.com\/wp-content\/uploads\/2016\/05\/locutores-ingleses-madrid.jpg","type":"","width":"","height":""}],"twitter_card":"summary_large_image","twitter_misc":{"Estimated reading time":"2 minutes"},"schema":{"@context":"https:\/\/schema.org","@graph":[{"@type":"WebPage","@id":"https:\/\/avoces.com\/locutores-ingleses-en-madrid\/","url":"https:\/\/avoces.com\/locutores-ingleses-en-madrid\/","name":"Locutores ingleses en Madrid.","isPartOf":{"@id":"https:\/\/avoces.com\/#website"},"primaryImageOfPage":{"@id":"https:\/\/avoces.com\/locutores-ingleses-en-madrid\/#primaryimage"},"image":{"@id":"https:\/\/avoces.com\/locutores-ingleses-en-madrid\/#primaryimage"},"thumbnailUrl":"http:\/\/avoces.com\/wp-content\/uploads\/2016\/05\/locutores-ingleses-madrid.jpg","datePublished":"2016-05-17T20:31:00+00:00","dateModified":"2017-03-01T17:41:13+00:00","description":"Locutores ingleses en Madrid para sesiones en estudios locales. Locutores nativos para publicidad, v\u00eddeos corporativos, tutoriales, etc","breadcrumb":{"@id":"https:\/\/avoces.com\/locutores-ingleses-en-madrid\/#breadcrumb"},"inLanguage":"en-GB","potentialAction":[{"@type":"ReadAction","target":["https:\/\/avoces.com\/locutores-ingleses-en-madrid\/"]}]},{"@type":"ImageObject","inLanguage":"en-GB","@id":"https:\/\/avoces.com\/locutores-ingleses-en-madrid\/#primaryimage","url":"http:\/\/avoces.com\/wp-content\/uploads\/2016\/05\/locutores-ingleses-madrid.jpg","contentUrl":"http:\/\/avoces.com\/wp-content\/uploads\/2016\/05\/locutores-ingleses-madrid.jpg"},{"@type":"BreadcrumbList","@id":"https:\/\/avoces.com\/locutores-ingleses-en-madrid\/#breadcrumb","itemListElement":[{"@type":"ListItem","position":1,"name":"Home","item":"https:\/\/avoces.com\/"},{"@type":"ListItem","position":2,"name":"Locutores Ingleses en Madrid"}]},{"@type":"WebSite","@id":"https:\/\/avoces.com\/#website","url":"https:\/\/avoces.com\/","name":"Locutores Extranjeros","description":"Locutores Profesionales para Sesiones en Estudios","potentialAction":[{"@type":"SearchAction","target":{"@type":"EntryPoint","urlTemplate":"https:\/\/avoces.com\/?s={search_term_string}"},"query-input":{"@type":"PropertyValueSpecification","valueRequired":true,"valueName":"search_term_string"}}],"inLanguage":"en-GB"}]}},"jetpack_sharing_enabled":false,"jetpack_shortlink":"https:\/\/wp.me\/P7k444-dfU","jetpack-related-posts":[],"_links":{"self":[{"href":"https:\/\/jtf.htw.temporary.site\/voicelibrary.net\/wp-json\/wp\/v2\/pages\/50958","targetHints":{"allow":["GET"]}}],"collection":[{"href":"https:\/\/jtf.htw.temporary.site\/voicelibrary.net\/wp-json\/wp\/v2\/pages"}],"about":[{"href":"https:\/\/jtf.htw.temporary.site\/voicelibrary.net\/wp-json\/wp\/v2\/types\/page"}],"author":[{"embeddable":true,"href":"https:\/\/jtf.htw.temporary.site\/voicelibrary.net\/wp-json\/wp\/v2\/users\/6"}],"replies":[{"embeddable":true,"href":"https:\/\/jtf.htw.temporary.site\/voicelibrary.net\/wp-json\/wp\/v2\/comments?post=50958"}],"version-history":[{"count":18,"href":"https:\/\/jtf.htw.temporary.site\/voicelibrary.net\/wp-json\/wp\/v2\/pages\/50958\/revisions"}],"predecessor-version":[{"id":51564,"href":"https:\/\/jtf.htw.temporary.site\/voicelibrary.net\/wp-json\/wp\/v2\/pages\/50958\/revisions\/51564"}],"wp:attachment":[{"href":"https:\/\/jtf.htw.temporary.site\/voicelibrary.net\/wp-json\/wp\/v2\/media?parent=50958"}],"curies":[{"name":"wp","href":"https:\/\/api.w.org\/{rel}","templated":true}]}}