{"id":51028,"date":"2016-06-07T10:45:36","date_gmt":"2016-06-07T10:45:36","guid":{"rendered":"http:\/\/avoces.com\/?page_id=51028"},"modified":"2020-03-17T12:15:29","modified_gmt":"2020-03-17T12:15:29","slug":"directorio-locutores-nacionales-profesionales","status":"publish","type":"page","link":"https:\/\/jtf.htw.temporary.site\/voicelibrary.net\/directorio-locutores-nacionales-profesionales\/","title":{"rendered":"Directorio de Locutores Nacionales"},"content":{"rendered":"<div class=\"wpb-content-wrapper\"><p>[vc_row row_type=&#8221;row&#8221; use_row_as_full_screen_section=&#8221;no&#8221; type=&#8221;full_width&#8221; anchor=&#8221;#banco&#8221; oblique_section=&#8221;no&#8221; text_align=&#8221;center&#8221; triangle_shape=&#8221;no&#8221; side_padding=&#8221;320&#8243; padding_top=&#8221;40&#8243; css_animation=&#8221;&#8221; box_shadow_on_row=&#8221;no&#8221;][vc_column][vc_column_text css=&#8221;.vc_custom_1471621648471{margin-top: 20px !important;}&#8221;]<\/p>\n<h5 style=\"text-align: center;\">Selecciona el tipo de locutor que necesitas y contacta con nosotros para disponibilidad y tarifas<\/h5>\n<p>[\/vc_column_text][vc_raw_html css=&#8221;.vc_custom_1471546659721{margin-top: 20px !important;}&#8221;]Jm5ic3A7[\/vc_raw_html][\/vc_column][\/vc_row][vc_row row_type=&#8221;row&#8221; use_row_as_full_screen_section=&#8221;no&#8221; type=&#8221;full_width&#8221; oblique_section=&#8221;no&#8221; text_align=&#8221;left&#8221; triangle_shape=&#8221;no&#8221; css_animation=&#8221;&#8221; box_shadow_on_row=&#8221;no&#8221;][vc_column][\/vc_column][\/vc_row][vc_row row_type=&#8221;row&#8221; use_row_as_full_screen_section=&#8221;no&#8221; type=&#8221;grid&#8221; oblique_section=&#8221;no&#8221; text_align=&#8221;center&#8221; triangle_shape=&#8221;yes&#8221; triangle_shape_position=&#8221;bottom&#8221; triangle_shape_color=&#8221;#3a3a3a&#8221; padding_top=&#8221;30&#8243; padding_bottom=&#8221;50&#8243; css_animation=&#8221;element_from_fade&#8221; box_shadow_on_row=&#8221;no&#8221;][vc_column width=&#8221;1\/3&#8243;]<span class=\"edgt_icon_shade edgt_icon_shortcode font_elegant normal pull-center edgt_icon_animation\"  style=\"\n            -webkit-transition: transform 0.2s ease 20ms, color 0.15s ease-out;\n            -moz-transition: -moz-transform 0.2s ease 20ms, color 0.15s ease-out;\n            -o-transition: -o-transform 0.2s ease 20ms, color 0.15s ease-out;\n            -ms-transition: -ms-transform 0.2s ease 20ms, color 0.15s ease-out;\n            transition: transform 0.2s ease 20ms, color 0.15s ease-out;\"><span aria-hidden=\"true\" class=\"edgt_icon_font_elegant icon_volume-high \" style=\"font-size: 50px;color: #3399ff;line-height:52px; \n            -webkit-transition: transform 0.2s ease 20ms, color 0.15s ease-out;\n            -moz-transition: -moz-transform 0.2s ease 20ms, color 0.15s ease-out;\n            -o-transition: -o-transform 0.2s ease 20ms, color 0.15s ease-out;\n            -ms-transition: -ms-transform 0.2s ease 20ms, color 0.15s ease-out;\n            transition: transform 0.2s ease 20ms, color 0.15s ease-out;\" ><\/span><\/span>[vc_column_text css=&#8221;.vc_custom_1471544824150{margin-top: 30px !important;margin-bottom: 30px !important;}&#8221;]<\/p>\n<h3>Locutores Espa\u00f1oles<\/h3>\n<p>[\/vc_column_text][vc_column_text]Cientos de locutores espa\u00f1oles disponibles en nuestro directorio de locutores profesionales para publicidad, v\u00eddeos corporativos, tutoriales, v\u00eddeo juegos y todo tipo de producciones audiovisuales.<br \/>\nUna selecci\u00f3n de locutores con experiencia disponibles para sesiones en estudios de grabaci\u00f3n en Madrid y Barcelona. Algunas de la voces m\u00e1s conocidas en Espa\u00f1a y otras menos escuchadas pero tambi\u00e9n con muchos a\u00f1os de experiencia.[\/vc_column_text][\/vc_column][vc_column width=&#8221;1\/3&#8243;]<span class=\"edgt_icon_shade edgt_icon_shortcode font_elegant normal pull-center edgt_icon_animation\"  style=\"\n            -webkit-transition: transform 0.2s ease 35ms, color 0.15s ease-out;\n            -moz-transition: -moz-transform 0.2s ease 35ms, color 0.15s ease-out;\n            -o-transition: -o-transform 0.2s ease 35ms, color 0.15s ease-out;\n            -ms-transition: -ms-transform 0.2s ease 35ms, color 0.15s ease-out;\n            transition: transform 0.2s ease 35ms, color 0.15s ease-out;\"><span aria-hidden=\"true\" class=\"edgt_icon_font_elegant icon_phone \" style=\"font-size: 50px;color: #3399ff;line-height:52px; \n            -webkit-transition: transform 0.2s ease 35ms, color 0.15s ease-out;\n            -moz-transition: -moz-transform 0.2s ease 35ms, color 0.15s ease-out;\n            -o-transition: -o-transform 0.2s ease 35ms, color 0.15s ease-out;\n            -ms-transition: -ms-transform 0.2s ease 35ms, color 0.15s ease-out;\n            transition: transform 0.2s ease 35ms, color 0.15s ease-out;\" ><\/span><\/span>[vc_column_text css=&#8221;.vc_custom_1471545029804{margin-top: 30px !important;margin-bottom: 30px !important;}&#8221;]<\/p>\n<h3>902 504 699<\/h3>\n<p>[\/vc_column_text][vc_column_text]Ll\u00e1menos para comentar el tono y el tipo de lectura que necesita para su producci\u00f3n. Le sugeriremos las opciones m\u00e1s adecuadas para aportar un valor profesional o totalmente distintivo.<\/p>\n<p>Miles de muestras de cientos de locutores est\u00e1n disponibles con una simple llamada o correo electr\u00f3nico.<\/p>\n<p>Para un resultado profesional, trabaje con profesionales.[\/vc_column_text][\/vc_column][vc_column width=&#8221;1\/3&#8243;]<span class=\"edgt_icon_shade edgt_icon_shortcode font_elegant normal  edgt_icon_animation\"  style=\"\n            -webkit-transition: transform 0.2s ease 65ms, color 0.15s ease-out;\n            -moz-transition: -moz-transform 0.2s ease 65ms, color 0.15s ease-out;\n            -o-transition: -o-transform 0.2s ease 65ms, color 0.15s ease-out;\n            -ms-transition: -ms-transform 0.2s ease 65ms, color 0.15s ease-out;\n            transition: transform 0.2s ease 65ms, color 0.15s ease-out;\"><span aria-hidden=\"true\" class=\"edgt_icon_font_elegant icon_film \" style=\"font-size: 50px;color: #3399ff;line-height:52px; \n            -webkit-transition: transform 0.2s ease 65ms, color 0.15s ease-out;\n            -moz-transition: -moz-transform 0.2s ease 65ms, color 0.15s ease-out;\n            -o-transition: -o-transform 0.2s ease 65ms, color 0.15s ease-out;\n            -ms-transition: -ms-transform 0.2s ease 65ms, color 0.15s ease-out;\n            transition: transform 0.2s ease 65ms, color 0.15s ease-out;\" ><\/span><\/span>[vc_column_text css=&#8221;.vc_custom_1471545132935{margin-top: 30px !important;margin-bottom: 30px !important;}&#8221;]<\/p>\n<h3>Expertos<\/h3>\n<p>[\/vc_column_text][vc_column_text]El equipo de Avoces lleva veinte a\u00f1os ofreciendo servicios de locuci\u00f3n para todo tipo de producciones, desde largometrajes y series de animaci\u00f3n hasta documentales para todos los canales de TV pasando por voces para contestadores autom\u00e1ticos de empresa o las instrucciones de equipos que est\u00e1n funcionando en la Estaci\u00f3n Espacial Internacional.[\/vc_column_text][\/vc_column][\/vc_row]<\/p>\n<\/div>","protected":false},"excerpt":{"rendered":"<p>[vc_row row_type=&#8221;row&#8221; use_row_as_full_screen_section=&#8221;no&#8221; type=&#8221;full_width&#8221; anchor=&#8221;#banco&#8221; oblique_section=&#8221;no&#8221; text_align=&#8221;center&#8221; triangle_shape=&#8221;no&#8221; side_padding=&#8221;320&#8243; padding_top=&#8221;40&#8243; css_animation=&#8221;&#8221; box_shadow_on_row=&#8221;no&#8221;][vc_column][vc_column_text css=&#8221;.vc_custom_1471621648471{margin-top: 20px !important;}&#8221;] Selecciona el tipo de locutor que necesitas y contacta con nosotros para disponibilidad y tarifas [\/vc_column_text][vc_raw_html css=&#8221;.vc_custom_1471546659721{margin-top: 20px !important;}&#8221;]Jm5ic3A7[\/vc_raw_html][\/vc_column][\/vc_row][vc_row row_type=&#8221;row&#8221; use_row_as_full_screen_section=&#8221;no&#8221; type=&#8221;full_width&#8221; oblique_section=&#8221;no&#8221; text_align=&#8221;left&#8221; triangle_shape=&#8221;no&#8221; css_animation=&#8221;&#8221; box_shadow_on_row=&#8221;no&#8221;][vc_column][\/vc_column][\/vc_row][vc_row row_type=&#8221;row&#8221; use_row_as_full_screen_section=&#8221;no&#8221; type=&#8221;grid&#8221;&#8230;<\/p>\n","protected":false},"author":6,"featured_media":0,"parent":0,"menu_order":0,"comment_status":"closed","ping_status":"closed","template":"full_width.php","meta":{"jetpack_post_was_ever_published":false,"footnotes":""},"class_list":["post-51028","page","type-page","status-publish","hentry"],"yoast_head":"<!-- This site is optimized with the Yoast SEO plugin v26.9 - https:\/\/yoast.com\/product\/yoast-seo-wordpress\/ -->\n<title>locutores espa\u00f1oles<\/title>\n<meta name=\"description\" content=\"Directorio de locutores espa\u00f1oles para sesiones en estudios locales. Locutores profesionales en espa\u00f1ol, euskera, catal\u00e1n y gallego.\" \/>\n<meta name=\"robots\" content=\"index, follow, max-snippet:-1, max-image-preview:large, max-video-preview:-1\" \/>\n<link rel=\"canonical\" href=\"https:\/\/avoces.com\/directorio-locutores-nacionales-profesionales\/\" \/>\n<meta property=\"og:locale\" content=\"en_GB\" \/>\n<meta property=\"og:type\" content=\"article\" \/>\n<meta property=\"og:title\" content=\"locutores espa\u00f1oles\" \/>\n<meta property=\"og:description\" content=\"Directorio de locutores espa\u00f1oles para sesiones en estudios locales. Locutores profesionales en espa\u00f1ol, euskera, catal\u00e1n y gallego.\" \/>\n<meta property=\"og:url\" content=\"https:\/\/avoces.com\/directorio-locutores-nacionales-profesionales\/\" \/>\n<meta property=\"og:site_name\" content=\"Locutores Extranjeros\" \/>\n<meta property=\"article:publisher\" content=\"https:\/\/www.facebook.com\/avoces\" \/>\n<meta property=\"article:modified_time\" content=\"2020-03-17T12:15:29+00:00\" \/>\n<meta name=\"twitter:card\" content=\"summary_large_image\" \/>\n<meta name=\"twitter:label1\" content=\"Estimated reading time\" \/>\n\t<meta name=\"twitter:data1\" content=\"3 minutes\" \/>\n<script type=\"application\/ld+json\" class=\"yoast-schema-graph\">{\"@context\":\"https:\/\/schema.org\",\"@graph\":[{\"@type\":\"WebPage\",\"@id\":\"https:\/\/avoces.com\/directorio-locutores-nacionales-profesionales\/\",\"url\":\"https:\/\/avoces.com\/directorio-locutores-nacionales-profesionales\/\",\"name\":\"locutores espa\u00f1oles\",\"isPartOf\":{\"@id\":\"https:\/\/avoces.com\/#website\"},\"datePublished\":\"2016-06-07T10:45:36+00:00\",\"dateModified\":\"2020-03-17T12:15:29+00:00\",\"description\":\"Directorio de locutores espa\u00f1oles para sesiones en estudios locales. Locutores profesionales en espa\u00f1ol, euskera, catal\u00e1n y gallego.\",\"breadcrumb\":{\"@id\":\"https:\/\/avoces.com\/directorio-locutores-nacionales-profesionales\/#breadcrumb\"},\"inLanguage\":\"en-GB\",\"potentialAction\":[{\"@type\":\"ReadAction\",\"target\":[\"https:\/\/avoces.com\/directorio-locutores-nacionales-profesionales\/\"]}]},{\"@type\":\"BreadcrumbList\",\"@id\":\"https:\/\/avoces.com\/directorio-locutores-nacionales-profesionales\/#breadcrumb\",\"itemListElement\":[{\"@type\":\"ListItem\",\"position\":1,\"name\":\"Home\",\"item\":\"https:\/\/avoces.com\/\"},{\"@type\":\"ListItem\",\"position\":2,\"name\":\"Directorio de Locutores Nacionales\"}]},{\"@type\":\"WebSite\",\"@id\":\"https:\/\/avoces.com\/#website\",\"url\":\"https:\/\/avoces.com\/\",\"name\":\"Locutores Extranjeros\",\"description\":\"Locutores Profesionales para Sesiones en Estudios\",\"potentialAction\":[{\"@type\":\"SearchAction\",\"target\":{\"@type\":\"EntryPoint\",\"urlTemplate\":\"https:\/\/avoces.com\/?s={search_term_string}\"},\"query-input\":{\"@type\":\"PropertyValueSpecification\",\"valueRequired\":true,\"valueName\":\"search_term_string\"}}],\"inLanguage\":\"en-GB\"}]}<\/script>\n<!-- \/ Yoast SEO plugin. -->","yoast_head_json":{"title":"locutores espa\u00f1oles","description":"Directorio de locutores espa\u00f1oles para sesiones en estudios locales. Locutores profesionales en espa\u00f1ol, euskera, catal\u00e1n y gallego.","robots":{"index":"index","follow":"follow","max-snippet":"max-snippet:-1","max-image-preview":"max-image-preview:large","max-video-preview":"max-video-preview:-1"},"canonical":"https:\/\/avoces.com\/directorio-locutores-nacionales-profesionales\/","og_locale":"en_GB","og_type":"article","og_title":"locutores espa\u00f1oles","og_description":"Directorio de locutores espa\u00f1oles para sesiones en estudios locales. Locutores profesionales en espa\u00f1ol, euskera, catal\u00e1n y gallego.","og_url":"https:\/\/avoces.com\/directorio-locutores-nacionales-profesionales\/","og_site_name":"Locutores Extranjeros","article_publisher":"https:\/\/www.facebook.com\/avoces","article_modified_time":"2020-03-17T12:15:29+00:00","twitter_card":"summary_large_image","twitter_misc":{"Estimated reading time":"3 minutes"},"schema":{"@context":"https:\/\/schema.org","@graph":[{"@type":"WebPage","@id":"https:\/\/avoces.com\/directorio-locutores-nacionales-profesionales\/","url":"https:\/\/avoces.com\/directorio-locutores-nacionales-profesionales\/","name":"locutores espa\u00f1oles","isPartOf":{"@id":"https:\/\/avoces.com\/#website"},"datePublished":"2016-06-07T10:45:36+00:00","dateModified":"2020-03-17T12:15:29+00:00","description":"Directorio de locutores espa\u00f1oles para sesiones en estudios locales. Locutores profesionales en espa\u00f1ol, euskera, catal\u00e1n y gallego.","breadcrumb":{"@id":"https:\/\/avoces.com\/directorio-locutores-nacionales-profesionales\/#breadcrumb"},"inLanguage":"en-GB","potentialAction":[{"@type":"ReadAction","target":["https:\/\/avoces.com\/directorio-locutores-nacionales-profesionales\/"]}]},{"@type":"BreadcrumbList","@id":"https:\/\/avoces.com\/directorio-locutores-nacionales-profesionales\/#breadcrumb","itemListElement":[{"@type":"ListItem","position":1,"name":"Home","item":"https:\/\/avoces.com\/"},{"@type":"ListItem","position":2,"name":"Directorio de Locutores Nacionales"}]},{"@type":"WebSite","@id":"https:\/\/avoces.com\/#website","url":"https:\/\/avoces.com\/","name":"Locutores Extranjeros","description":"Locutores Profesionales para Sesiones en Estudios","potentialAction":[{"@type":"SearchAction","target":{"@type":"EntryPoint","urlTemplate":"https:\/\/avoces.com\/?s={search_term_string}"},"query-input":{"@type":"PropertyValueSpecification","valueRequired":true,"valueName":"search_term_string"}}],"inLanguage":"en-GB"}]}},"jetpack_sharing_enabled":true,"jetpack_shortlink":"https:\/\/wp.me\/P7k444-dh2","jetpack-related-posts":[],"_links":{"self":[{"href":"https:\/\/jtf.htw.temporary.site\/voicelibrary.net\/wp-json\/wp\/v2\/pages\/51028","targetHints":{"allow":["GET"]}}],"collection":[{"href":"https:\/\/jtf.htw.temporary.site\/voicelibrary.net\/wp-json\/wp\/v2\/pages"}],"about":[{"href":"https:\/\/jtf.htw.temporary.site\/voicelibrary.net\/wp-json\/wp\/v2\/types\/page"}],"author":[{"embeddable":true,"href":"https:\/\/jtf.htw.temporary.site\/voicelibrary.net\/wp-json\/wp\/v2\/users\/6"}],"replies":[{"embeddable":true,"href":"https:\/\/jtf.htw.temporary.site\/voicelibrary.net\/wp-json\/wp\/v2\/comments?post=51028"}],"version-history":[{"count":43,"href":"https:\/\/jtf.htw.temporary.site\/voicelibrary.net\/wp-json\/wp\/v2\/pages\/51028\/revisions"}],"predecessor-version":[{"id":51973,"href":"https:\/\/jtf.htw.temporary.site\/voicelibrary.net\/wp-json\/wp\/v2\/pages\/51028\/revisions\/51973"}],"wp:attachment":[{"href":"https:\/\/jtf.htw.temporary.site\/voicelibrary.net\/wp-json\/wp\/v2\/media?parent=51028"}],"curies":[{"name":"wp","href":"https:\/\/api.w.org\/{rel}","templated":true}]}}