{"id":51386,"date":"2016-10-31T13:36:45","date_gmt":"2016-10-31T13:36:45","guid":{"rendered":"http:\/\/avoces.com\/?page_id=51386"},"modified":"2017-03-02T12:03:16","modified_gmt":"2017-03-02T12:03:16","slug":"locutores-internacionales","status":"publish","type":"page","link":"https:\/\/jtf.htw.temporary.site\/voicelibrary.net\/locutores-internacionales\/","title":{"rendered":"Locutores Internacionales Online"},"content":{"rendered":"<div class=\"wpb-content-wrapper\"><p>[vc_row row_type=&#8221;row&#8221; use_row_as_full_screen_section=&#8221;no&#8221; type=&#8221;full_width&#8221; oblique_section=&#8221;no&#8221; text_align=&#8221;left&#8221; triangle_shape=&#8221;no&#8221; background_color=&#8221;#3399ff&#8221; border_top_color=&#8221;#4f4f4f&#8221; side_padding=&#8221;5&#8243; padding_top=&#8221;3&#8243; padding_bottom=&#8221;3&#8243; css_animation=&#8221;&#8221; box_shadow_on_row=&#8221;no&#8221;][vc_column][vc_column_text]<\/p>\n<h3>Locutores Internacionales<\/h3>\n<p>[\/vc_column_text][\/vc_column][\/vc_row][vc_row row_type=&#8221;row&#8221; use_row_as_full_screen_section=&#8221;no&#8221; type=&#8221;full_width&#8221; oblique_section=&#8221;no&#8221; text_align=&#8221;left&#8221; triangle_shape=&#8221;no&#8221; padding_top=&#8221;10&#8243; padding_bottom=&#8221;30&#8243; css_animation=&#8221;&#8221; box_shadow_on_row=&#8221;no&#8221;][vc_column width=&#8221;2\/3&#8243;][vc_column_text]En Avoces nos dedicamos exclusivamente a la grabaci\u00f3n de voz en multitud de idiomas. Adem\u00e1s de cientos de locutores internacionales que asisten a sesiones de grabaci\u00f3n en estudios locales, ponemos a tu disposici\u00f3n una red internacional de locutores que trabajan desde sus pa\u00edses.<\/p>\n<p>Ofrecemos un servicio de locutores r\u00e1pido y efectivo. Ll\u00e1manos para comentar el tipo de voz, el idioma, el tipo de lectura y cuando lo necesitas y encontraremos el locutor profesional adecuado.[\/vc_column_text][\/vc_column][vc_column width=&#8221;1\/3&#8243;]<div class='testimonials_holder clearfix'><div class=\"testimonials testimonials_carousel \" data-show-navigation=\"no\" data-show-navigation-arrows=\"no\" data-animation-speed=\"4000\" data-auto-rotate-slides=\"5\"><ul class=\"slides\"><li id=\"testimonials51490\" class=\"testimonial_content left_align \"><div class=\"testimonial_content_inner\"><div class=\"testimonial_text_holder left_align\"><div class=\"testimonial_text_inner without_title\"><p class=\"testimonial_text\" style='font-size:16px;color:#dd3333;'>Decenas de cursos de idiomas para las editoriales m\u00e1s importantes del mundo (referencias disponibles)<\/p><\/div><\/div><\/div><\/li><li id=\"testimonials51487\" class=\"testimonial_content left_align \"><div class=\"testimonial_content_inner\"><div class=\"testimonial_text_holder left_align\"><div class=\"testimonial_text_inner without_title\"><p class=\"testimonial_text\" style='font-size:16px;color:#dd3333;'>Narraciones para v\u00eddeos corporativos multiidioma para empresas internacionales.<\/p><\/div><\/div><\/div><\/li><li id=\"testimonials51476\" class=\"testimonial_content left_align \"><div class=\"testimonial_content_inner\"><div class=\"testimonial_text_holder left_align\"><div class=\"testimonial_text_inner without_title\"><p class=\"testimonial_text\" style='font-size:16px;color:#dd3333;'>Edici\u00f3n de audio automatizada.\r\n\r\n32.000 palabras, 32.000 archivos individuales en 25 idiomas.<\/p><\/div><\/div><\/div><\/li><\/ul><\/div><\/div>[\/vc_column][\/vc_row][vc_row row_type=&#8221;row&#8221; use_row_as_full_screen_section=&#8221;no&#8221; type=&#8221;full_width&#8221; oblique_section=&#8221;no&#8221; text_align=&#8221;left&#8221; triangle_shape=&#8221;no&#8221; background_color=&#8221;#3399ff&#8221; border_top_color=&#8221;#4f4f4f&#8221; side_padding=&#8221;5&#8243; padding_top=&#8221;3&#8243; padding_bottom=&#8221;3&#8243; css_animation=&#8221;&#8221; box_shadow_on_row=&#8221;no&#8221;][vc_column][vc_column_text]<\/p>\n<h3>Red internacional de locutores en decenas de idiomas<\/h3>\n<p>[\/vc_column_text][\/vc_column][\/vc_row][vc_row row_type=&#8221;row&#8221; use_row_as_full_screen_section=&#8221;no&#8221; type=&#8221;full_width&#8221; oblique_section=&#8221;no&#8221; text_align=&#8221;left&#8221; triangle_shape=&#8221;no&#8221; padding_top=&#8221;10&#8243; padding_bottom=&#8221;30&#8243; css_animation=&#8221;&#8221; box_shadow_on_row=&#8221;no&#8221;][vc_column width=&#8221;2\/3&#8243;][vc_column_text]Locutores online seleccionados cuidadosamente por su profesionalidad y calidad de audio. Estamos preparados para comentar tu proyecto y entregar los archivos de audio listos para tu audiencia .<\/p>\n<p>Versiones extranjeras en los idiomas m\u00e1s comerciales entregados r\u00e1pidamente y a un coste competitivo.<\/p>\n<p><strong>Nuestro equipo est\u00e1 especializado en grandes proyectos.<\/strong>[\/vc_column_text][\/vc_column][vc_column width=&#8221;1\/3&#8243;]<div class='edgt_list circle animate_list'><\/p>\n<ul>\n<li>Edici\u00f3n de miles archivos automatizada.<\/li>\n<li>Corte y renombrado autom\u00e1tico<\/li>\n<li>Control de calidad antes de la entrega<\/li>\n<\/ul>\n<p><\/div>[\/vc_column][\/vc_row][vc_row row_type=&#8221;row&#8221; use_row_as_full_screen_section=&#8221;no&#8221; type=&#8221;full_width&#8221; oblique_section=&#8221;no&#8221; text_align=&#8221;left&#8221; triangle_shape=&#8221;no&#8221; background_color=&#8221;#3399ff&#8221; border_top_color=&#8221;#848484&#8243; side_padding=&#8221;5&#8243; padding_top=&#8221;3&#8243; padding_bottom=&#8221;3&#8243; css_animation=&#8221;&#8221; box_shadow_on_row=&#8221;no&#8221;][vc_column][vc_column_text]<\/p>\n<h3>Servicio completo de versiones extranjeras de audio<\/h3>\n<p>[\/vc_column_text][\/vc_column][\/vc_row][vc_row row_type=&#8221;row&#8221; use_row_as_full_screen_section=&#8221;no&#8221; type=&#8221;full_width&#8221; oblique_section=&#8221;no&#8221; text_align=&#8221;left&#8221; triangle_shape=&#8221;yes&#8221; triangle_shape_position=&#8221;bottom&#8221; triangle_shape_color=&#8221;#2d2d2d&#8221; padding_top=&#8221;10&#8243; padding_bottom=&#8221;80&#8243; css_animation=&#8221;&#8221; box_shadow_on_row=&#8221;no&#8221;][vc_column width=&#8221;2\/3&#8243;][vc_column_text]<\/p>\n<ul>\n<li><em><strong>Traducci\u00f3n y adaptaci\u00f3n<\/strong><\/em><\/li>\n<\/ul>\n<p style=\"padding-left: 30px;\">Traductores con distintas \u00e1reas de especializaci\u00f3n pero todos con un conocimiento claro del mundo de la locuci\u00f3n.<\/p>\n<ul>\n<li><strong><em>Casting internacional de locutores<\/em><\/strong><\/li>\n<\/ul>\n<p style=\"padding-left: 30px;\">Extensa red de locutores en todo el mundo.<\/p>\n<ul>\n<li><em><strong>Producci\u00f3n y grabaci\u00f3n<\/strong><\/em><\/li>\n<\/ul>\n<p style=\"padding-left: 30px;\">Analizamos el proyecto para determinar la forma m\u00e1s r\u00e1pida y efectiva de entregar una versi\u00f3n de audio para mejorar la proyecci\u00f3n internacional de nuestros clientes.<\/p>\n<ul>\n<li><em><strong>Edici\u00f3n y postproducci\u00f3n<br \/>\n<\/strong><\/em><\/li>\n<\/ul>\n<p style=\"padding-left: 30px;\">Trabajamos con sistemas automatizados de edici\u00f3n de archivos de audio e innovadores programas de doblaje como VoiceQ que facilitan el trabajo de los actores de voz, agilizan el proceso y garantizan la calidad.<\/p>\n<p>[\/vc_column_text][\/vc_column][vc_column width=&#8221;1\/3&#8243;]<blockquote class='blockquote_shortcode with_quote_icon' style=''><span style=\"\" class=\"icon_quotations_holder\">\u201d<\/span><h4 class='blockquote_text' style=\"color: #dd3333;\"><span>Cientos de traductores nativos que trabajan desde sus correspondientes pa\u00edses. <\/span><\/h4><\/blockquote>[\/vc_column][\/vc_row]<\/p>\n<\/div>","protected":false},"excerpt":{"rendered":"<p>[vc_row row_type=&#8221;row&#8221; use_row_as_full_screen_section=&#8221;no&#8221; type=&#8221;full_width&#8221; oblique_section=&#8221;no&#8221; text_align=&#8221;left&#8221; triangle_shape=&#8221;no&#8221; background_color=&#8221;#3399ff&#8221; border_top_color=&#8221;#4f4f4f&#8221; side_padding=&#8221;5&#8243; padding_top=&#8221;3&#8243; padding_bottom=&#8221;3&#8243; css_animation=&#8221;&#8221; box_shadow_on_row=&#8221;no&#8221;][vc_column][vc_column_text] Locutores Internacionales [\/vc_column_text][\/vc_column][\/vc_row][vc_row row_type=&#8221;row&#8221; use_row_as_full_screen_section=&#8221;no&#8221; type=&#8221;full_width&#8221; oblique_section=&#8221;no&#8221; text_align=&#8221;left&#8221; triangle_shape=&#8221;no&#8221; padding_top=&#8221;10&#8243; padding_bottom=&#8221;30&#8243; css_animation=&#8221;&#8221; box_shadow_on_row=&#8221;no&#8221;][vc_column width=&#8221;2\/3&#8243;][vc_column_text]En Avoces nos dedicamos exclusivamente a la grabaci\u00f3n de voz en multitud de idiomas. Adem\u00e1s de cientos de&#8230;<\/p>\n","protected":false},"author":6,"featured_media":0,"parent":0,"menu_order":0,"comment_status":"closed","ping_status":"closed","template":"","meta":{"jetpack_post_was_ever_published":false,"footnotes":""},"class_list":["post-51386","page","type-page","status-publish","hentry"],"yoast_head":"<!-- This site is optimized with the Yoast SEO plugin v26.9 - https:\/\/yoast.com\/product\/yoast-seo-wordpress\/ -->\n<title>Locutores Internacionales<\/title>\n<meta name=\"description\" content=\"Locutores internacionales para v\u00eddeos corporativos, publicidad, tutoriales, cursos, formaci\u00f3n, v\u00eddeo juegos. Red internacional de locutores.\" \/>\n<meta name=\"robots\" content=\"index, follow, max-snippet:-1, max-image-preview:large, max-video-preview:-1\" \/>\n<link rel=\"canonical\" href=\"https:\/\/avoces.com\/locutores-internacionales\/\" \/>\n<meta property=\"og:locale\" content=\"en_GB\" \/>\n<meta property=\"og:type\" content=\"article\" \/>\n<meta property=\"og:title\" content=\"Locutores Internacionales\" \/>\n<meta property=\"og:description\" content=\"Locutores internacionales para v\u00eddeos corporativos, publicidad, tutoriales, cursos, formaci\u00f3n, v\u00eddeo juegos. Red internacional de locutores.\" \/>\n<meta property=\"og:url\" content=\"https:\/\/avoces.com\/locutores-internacionales\/\" \/>\n<meta property=\"og:site_name\" content=\"Locutores Extranjeros\" \/>\n<meta property=\"article:publisher\" content=\"https:\/\/www.facebook.com\/avoces\" \/>\n<meta property=\"article:modified_time\" content=\"2017-03-02T12:03:16+00:00\" \/>\n<meta name=\"twitter:card\" content=\"summary_large_image\" \/>\n<meta name=\"twitter:label1\" content=\"Estimated reading time\" \/>\n\t<meta name=\"twitter:data1\" content=\"3 minutes\" \/>\n<script type=\"application\/ld+json\" class=\"yoast-schema-graph\">{\"@context\":\"https:\/\/schema.org\",\"@graph\":[{\"@type\":\"WebPage\",\"@id\":\"https:\/\/avoces.com\/locutores-internacionales\/\",\"url\":\"https:\/\/avoces.com\/locutores-internacionales\/\",\"name\":\"Locutores Internacionales\",\"isPartOf\":{\"@id\":\"https:\/\/avoces.com\/#website\"},\"datePublished\":\"2016-10-31T13:36:45+00:00\",\"dateModified\":\"2017-03-02T12:03:16+00:00\",\"description\":\"Locutores internacionales para v\u00eddeos corporativos, publicidad, tutoriales, cursos, formaci\u00f3n, v\u00eddeo juegos. Red internacional de locutores.\",\"breadcrumb\":{\"@id\":\"https:\/\/avoces.com\/locutores-internacionales\/#breadcrumb\"},\"inLanguage\":\"en-GB\",\"potentialAction\":[{\"@type\":\"ReadAction\",\"target\":[\"https:\/\/avoces.com\/locutores-internacionales\/\"]}]},{\"@type\":\"BreadcrumbList\",\"@id\":\"https:\/\/avoces.com\/locutores-internacionales\/#breadcrumb\",\"itemListElement\":[{\"@type\":\"ListItem\",\"position\":1,\"name\":\"Home\",\"item\":\"https:\/\/avoces.com\/\"},{\"@type\":\"ListItem\",\"position\":2,\"name\":\"Locutores Internacionales Online\"}]},{\"@type\":\"WebSite\",\"@id\":\"https:\/\/avoces.com\/#website\",\"url\":\"https:\/\/avoces.com\/\",\"name\":\"Locutores Extranjeros\",\"description\":\"Locutores Profesionales para Sesiones en Estudios\",\"potentialAction\":[{\"@type\":\"SearchAction\",\"target\":{\"@type\":\"EntryPoint\",\"urlTemplate\":\"https:\/\/avoces.com\/?s={search_term_string}\"},\"query-input\":{\"@type\":\"PropertyValueSpecification\",\"valueRequired\":true,\"valueName\":\"search_term_string\"}}],\"inLanguage\":\"en-GB\"}]}<\/script>\n<!-- \/ Yoast SEO plugin. -->","yoast_head_json":{"title":"Locutores Internacionales","description":"Locutores internacionales para v\u00eddeos corporativos, publicidad, tutoriales, cursos, formaci\u00f3n, v\u00eddeo juegos. Red internacional de locutores.","robots":{"index":"index","follow":"follow","max-snippet":"max-snippet:-1","max-image-preview":"max-image-preview:large","max-video-preview":"max-video-preview:-1"},"canonical":"https:\/\/avoces.com\/locutores-internacionales\/","og_locale":"en_GB","og_type":"article","og_title":"Locutores Internacionales","og_description":"Locutores internacionales para v\u00eddeos corporativos, publicidad, tutoriales, cursos, formaci\u00f3n, v\u00eddeo juegos. Red internacional de locutores.","og_url":"https:\/\/avoces.com\/locutores-internacionales\/","og_site_name":"Locutores Extranjeros","article_publisher":"https:\/\/www.facebook.com\/avoces","article_modified_time":"2017-03-02T12:03:16+00:00","twitter_card":"summary_large_image","twitter_misc":{"Estimated reading time":"3 minutes"},"schema":{"@context":"https:\/\/schema.org","@graph":[{"@type":"WebPage","@id":"https:\/\/avoces.com\/locutores-internacionales\/","url":"https:\/\/avoces.com\/locutores-internacionales\/","name":"Locutores Internacionales","isPartOf":{"@id":"https:\/\/avoces.com\/#website"},"datePublished":"2016-10-31T13:36:45+00:00","dateModified":"2017-03-02T12:03:16+00:00","description":"Locutores internacionales para v\u00eddeos corporativos, publicidad, tutoriales, cursos, formaci\u00f3n, v\u00eddeo juegos. Red internacional de locutores.","breadcrumb":{"@id":"https:\/\/avoces.com\/locutores-internacionales\/#breadcrumb"},"inLanguage":"en-GB","potentialAction":[{"@type":"ReadAction","target":["https:\/\/avoces.com\/locutores-internacionales\/"]}]},{"@type":"BreadcrumbList","@id":"https:\/\/avoces.com\/locutores-internacionales\/#breadcrumb","itemListElement":[{"@type":"ListItem","position":1,"name":"Home","item":"https:\/\/avoces.com\/"},{"@type":"ListItem","position":2,"name":"Locutores Internacionales Online"}]},{"@type":"WebSite","@id":"https:\/\/avoces.com\/#website","url":"https:\/\/avoces.com\/","name":"Locutores Extranjeros","description":"Locutores Profesionales para Sesiones en Estudios","potentialAction":[{"@type":"SearchAction","target":{"@type":"EntryPoint","urlTemplate":"https:\/\/avoces.com\/?s={search_term_string}"},"query-input":{"@type":"PropertyValueSpecification","valueRequired":true,"valueName":"search_term_string"}}],"inLanguage":"en-GB"}]}},"jetpack_sharing_enabled":true,"jetpack_shortlink":"https:\/\/wp.me\/P7k444-dmO","jetpack-related-posts":[],"_links":{"self":[{"href":"https:\/\/jtf.htw.temporary.site\/voicelibrary.net\/wp-json\/wp\/v2\/pages\/51386","targetHints":{"allow":["GET"]}}],"collection":[{"href":"https:\/\/jtf.htw.temporary.site\/voicelibrary.net\/wp-json\/wp\/v2\/pages"}],"about":[{"href":"https:\/\/jtf.htw.temporary.site\/voicelibrary.net\/wp-json\/wp\/v2\/types\/page"}],"author":[{"embeddable":true,"href":"https:\/\/jtf.htw.temporary.site\/voicelibrary.net\/wp-json\/wp\/v2\/users\/6"}],"replies":[{"embeddable":true,"href":"https:\/\/jtf.htw.temporary.site\/voicelibrary.net\/wp-json\/wp\/v2\/comments?post=51386"}],"version-history":[{"count":82,"href":"https:\/\/jtf.htw.temporary.site\/voicelibrary.net\/wp-json\/wp\/v2\/pages\/51386\/revisions"}],"predecessor-version":[{"id":51574,"href":"https:\/\/jtf.htw.temporary.site\/voicelibrary.net\/wp-json\/wp\/v2\/pages\/51386\/revisions\/51574"}],"wp:attachment":[{"href":"https:\/\/jtf.htw.temporary.site\/voicelibrary.net\/wp-json\/wp\/v2\/media?parent=51386"}],"curies":[{"name":"wp","href":"https:\/\/api.w.org\/{rel}","templated":true}]}}