{"id":51524,"date":"2019-05-03T14:34:16","date_gmt":"2019-05-03T14:34:16","guid":{"rendered":"http:\/\/avoces.com\/?page_id=51524"},"modified":"2019-05-03T14:51:31","modified_gmt":"2019-05-03T14:51:31","slug":"soy-locutor","status":"publish","type":"page","link":"https:\/\/jtf.htw.temporary.site\/voicelibrary.net\/soy-locutor\/","title":{"rendered":"Soy locutor"},"content":{"rendered":"<h3>Locutores<\/h3>\n<p>\u00a0<br \/>Nuestros clientes se basan en las muestras de voz de los locutores para seleccionar a los actores\/locutores adecuados para sus producciones.<\/p>\n<p>En primer lugar env\u00eda las mejores muestras de locuci\u00f3n posibles con aquellas lecturas que demuestran la calidad del trabajo que puedes ofrecer. Cuanto mejor sean las muestras, m\u00e1s trabajo se obtiene. Ser\u00e1 una cuesti\u00f3n obvia, sin embargo nunca se dedica el suficiente esfuerzo a este crucial tema.<\/p>\n<p>Segundo, y aun m\u00e1s importante, aseg\u00farate de que la lectura enviada al cliente en esa muestra que cost\u00f3 tanto conseguir se puede reproducir en el estudio en el momento adecuado. Si no es as\u00ed, el primer trabajo para un cliente ser\u00e1 indudablemente tambi\u00e9n el \u00a0\u00faltimo.\u00a0<\/p>\n<h3>Muestras<\/h3>\n<p>\u00a0<br \/>Que sean cortas. Se necesitan solo unos segundos, idealmente unos 30 segundos. Normalmente, un productor necesitar\u00e1 solo unas pocas palabras para determinar si es el tipo de lectura, el tono, la edad, el estilo de voz que necesita para su producci\u00f3n.<\/p>\n<p>Que sean precisas y claras. Evitar muestras que empieza con largas introducciones musicales. \u00a0Idealmente una muestra por cada tipo de lectura que se quiera ofrecer: industriales (corporativos), narrativas (documentales, audio libros, gu\u00edas, etc), drama e interpretaci\u00f3n, (largometrajes, animaciones, \u2026) o publicidad (aqu\u00ed las posibilidades son infinitas \u2026), mensajes p\u00fablicos y formaci\u00f3n (voice of God, &#8230;).\u00a0<\/p>\n<h3>Publicidad<\/h3>\n<p>\u00a0<br \/>Esta es quiz\u00e1 la lectura que puede aportar mas satisfacciones a cualquier profesional de la locuci\u00f3n. Tambi\u00e9n es la que todo el mundo cree que puede ofrecer y la que m\u00e1s retos presenta. A menudo ser\u00e1n necesarias muchas tomas antes de encontrar la lectura y el tono que el creativo exige. Es m\u00e1s dif\u00edcil leer una sola palabra con <i>feeling<\/i> que un manual de instrucciones de un mont\u00f3n de p\u00e1ginas.<\/p>\n<p>En Avoces.com regularmente organizamos proyectos de este tipo para las agencias de publicidad m\u00e1s importantes de Espa\u00f1a. Somos una empresa internacional \u00a0con experiencia en la gesti\u00f3n y administraci\u00f3n de derechos de emisi\u00f3n en pa\u00edses de todo el mundo y en todas las plataformas.<\/p>\n<h2>Have fun<\/h2>\n<h2>\u00a0<\/h2>\n<h2>But if you don\u2019t feel it, don\u2019t even try.<\/h2>\n<p>\u00a0<\/p>\n<p>\u00a0<\/p>\n\n\n<p><\/p>\n","protected":false},"excerpt":{"rendered":"<p>Locutores \u00a0Nuestros clientes se basan en las muestras de voz de los locutores para seleccionar a los actores\/locutores adecuados para sus producciones. En primer lugar env\u00eda las mejores muestras de locuci\u00f3n posibles con aquellas lecturas que demuestran la calidad del trabajo que puedes ofrecer. Cuanto&#8230;<\/p>\n","protected":false},"author":6,"featured_media":0,"parent":0,"menu_order":0,"comment_status":"closed","ping_status":"closed","template":"","meta":{"jetpack_post_was_ever_published":false,"footnotes":""},"class_list":["post-51524","page","type-page","status-publish","hentry"],"yoast_head":"<!-- This site is optimized with the Yoast SEO plugin v26.9 - https:\/\/yoast.com\/product\/yoast-seo-wordpress\/ -->\n<title>Soy locutor - Locutores Extranjeros<\/title>\n<meta name=\"robots\" content=\"index, follow, max-snippet:-1, max-image-preview:large, max-video-preview:-1\" \/>\n<link rel=\"canonical\" href=\"https:\/\/avoces.com\/soy-locutor\/\" \/>\n<meta property=\"og:locale\" content=\"en_GB\" \/>\n<meta property=\"og:type\" content=\"article\" \/>\n<meta property=\"og:title\" content=\"Soy locutor - Locutores Extranjeros\" \/>\n<meta property=\"og:description\" content=\"Locutores \u00a0Nuestros clientes se basan en las muestras de voz de los locutores para seleccionar a los actores\/locutores adecuados para sus producciones. En primer lugar env\u00eda las mejores muestras de locuci\u00f3n posibles con aquellas lecturas que demuestran la calidad del trabajo que puedes ofrecer. Cuanto...\" \/>\n<meta property=\"og:url\" content=\"https:\/\/avoces.com\/soy-locutor\/\" \/>\n<meta property=\"og:site_name\" content=\"Locutores Extranjeros\" \/>\n<meta property=\"article:publisher\" content=\"https:\/\/www.facebook.com\/avoces\" \/>\n<meta property=\"article:modified_time\" content=\"2019-05-03T14:51:31+00:00\" \/>\n<meta name=\"twitter:card\" content=\"summary_large_image\" \/>\n<meta name=\"twitter:label1\" content=\"Estimated reading time\" \/>\n\t<meta name=\"twitter:data1\" content=\"2 minutes\" \/>\n<script type=\"application\/ld+json\" class=\"yoast-schema-graph\">{\"@context\":\"https:\/\/schema.org\",\"@graph\":[{\"@type\":\"WebPage\",\"@id\":\"https:\/\/avoces.com\/soy-locutor\/\",\"url\":\"https:\/\/avoces.com\/soy-locutor\/\",\"name\":\"Soy locutor - Locutores Extranjeros\",\"isPartOf\":{\"@id\":\"https:\/\/avoces.com\/#website\"},\"datePublished\":\"2019-05-03T14:34:16+00:00\",\"dateModified\":\"2019-05-03T14:51:31+00:00\",\"breadcrumb\":{\"@id\":\"https:\/\/avoces.com\/soy-locutor\/#breadcrumb\"},\"inLanguage\":\"en-GB\",\"potentialAction\":[{\"@type\":\"ReadAction\",\"target\":[\"https:\/\/avoces.com\/soy-locutor\/\"]}]},{\"@type\":\"BreadcrumbList\",\"@id\":\"https:\/\/avoces.com\/soy-locutor\/#breadcrumb\",\"itemListElement\":[{\"@type\":\"ListItem\",\"position\":1,\"name\":\"Home\",\"item\":\"https:\/\/avoces.com\/\"},{\"@type\":\"ListItem\",\"position\":2,\"name\":\"Soy locutor\"}]},{\"@type\":\"WebSite\",\"@id\":\"https:\/\/avoces.com\/#website\",\"url\":\"https:\/\/avoces.com\/\",\"name\":\"Locutores Extranjeros\",\"description\":\"Locutores Profesionales para Sesiones en Estudios\",\"potentialAction\":[{\"@type\":\"SearchAction\",\"target\":{\"@type\":\"EntryPoint\",\"urlTemplate\":\"https:\/\/avoces.com\/?s={search_term_string}\"},\"query-input\":{\"@type\":\"PropertyValueSpecification\",\"valueRequired\":true,\"valueName\":\"search_term_string\"}}],\"inLanguage\":\"en-GB\"}]}<\/script>\n<!-- \/ Yoast SEO plugin. -->","yoast_head_json":{"title":"Soy locutor - Locutores Extranjeros","robots":{"index":"index","follow":"follow","max-snippet":"max-snippet:-1","max-image-preview":"max-image-preview:large","max-video-preview":"max-video-preview:-1"},"canonical":"https:\/\/avoces.com\/soy-locutor\/","og_locale":"en_GB","og_type":"article","og_title":"Soy locutor - Locutores Extranjeros","og_description":"Locutores \u00a0Nuestros clientes se basan en las muestras de voz de los locutores para seleccionar a los actores\/locutores adecuados para sus producciones. En primer lugar env\u00eda las mejores muestras de locuci\u00f3n posibles con aquellas lecturas que demuestran la calidad del trabajo que puedes ofrecer. Cuanto...","og_url":"https:\/\/avoces.com\/soy-locutor\/","og_site_name":"Locutores Extranjeros","article_publisher":"https:\/\/www.facebook.com\/avoces","article_modified_time":"2019-05-03T14:51:31+00:00","twitter_card":"summary_large_image","twitter_misc":{"Estimated reading time":"2 minutes"},"schema":{"@context":"https:\/\/schema.org","@graph":[{"@type":"WebPage","@id":"https:\/\/avoces.com\/soy-locutor\/","url":"https:\/\/avoces.com\/soy-locutor\/","name":"Soy locutor - Locutores Extranjeros","isPartOf":{"@id":"https:\/\/avoces.com\/#website"},"datePublished":"2019-05-03T14:34:16+00:00","dateModified":"2019-05-03T14:51:31+00:00","breadcrumb":{"@id":"https:\/\/avoces.com\/soy-locutor\/#breadcrumb"},"inLanguage":"en-GB","potentialAction":[{"@type":"ReadAction","target":["https:\/\/avoces.com\/soy-locutor\/"]}]},{"@type":"BreadcrumbList","@id":"https:\/\/avoces.com\/soy-locutor\/#breadcrumb","itemListElement":[{"@type":"ListItem","position":1,"name":"Home","item":"https:\/\/avoces.com\/"},{"@type":"ListItem","position":2,"name":"Soy locutor"}]},{"@type":"WebSite","@id":"https:\/\/avoces.com\/#website","url":"https:\/\/avoces.com\/","name":"Locutores Extranjeros","description":"Locutores Profesionales para Sesiones en Estudios","potentialAction":[{"@type":"SearchAction","target":{"@type":"EntryPoint","urlTemplate":"https:\/\/avoces.com\/?s={search_term_string}"},"query-input":{"@type":"PropertyValueSpecification","valueRequired":true,"valueName":"search_term_string"}}],"inLanguage":"en-GB"}]}},"jetpack_sharing_enabled":true,"jetpack_shortlink":"https:\/\/wp.me\/P7k444-dp2","jetpack-related-posts":[],"_links":{"self":[{"href":"https:\/\/jtf.htw.temporary.site\/voicelibrary.net\/wp-json\/wp\/v2\/pages\/51524","targetHints":{"allow":["GET"]}}],"collection":[{"href":"https:\/\/jtf.htw.temporary.site\/voicelibrary.net\/wp-json\/wp\/v2\/pages"}],"about":[{"href":"https:\/\/jtf.htw.temporary.site\/voicelibrary.net\/wp-json\/wp\/v2\/types\/page"}],"author":[{"embeddable":true,"href":"https:\/\/jtf.htw.temporary.site\/voicelibrary.net\/wp-json\/wp\/v2\/users\/6"}],"replies":[{"embeddable":true,"href":"https:\/\/jtf.htw.temporary.site\/voicelibrary.net\/wp-json\/wp\/v2\/comments?post=51524"}],"version-history":[{"count":18,"href":"https:\/\/jtf.htw.temporary.site\/voicelibrary.net\/wp-json\/wp\/v2\/pages\/51524\/revisions"}],"predecessor-version":[{"id":51919,"href":"https:\/\/jtf.htw.temporary.site\/voicelibrary.net\/wp-json\/wp\/v2\/pages\/51524\/revisions\/51919"}],"wp:attachment":[{"href":"https:\/\/jtf.htw.temporary.site\/voicelibrary.net\/wp-json\/wp\/v2\/media?parent=51524"}],"curies":[{"name":"wp","href":"https:\/\/api.w.org\/{rel}","templated":true}]}}