{"id":51906,"date":"2019-04-20T22:07:36","date_gmt":"2019-04-20T22:07:36","guid":{"rendered":"http:\/\/avoces.com\/?page_id=51906"},"modified":"2025-11-24T12:52:42","modified_gmt":"2025-11-24T12:52:42","slug":"directorio-locutores-extranjeros-profesionales","status":"publish","type":"page","link":"https:\/\/jtf.htw.temporary.site\/voicelibrary.net\/directorio-locutores-extranjeros-profesionales\/","title":{"rendered":"Directorio de Locutores Extranjeros"},"content":{"rendered":"<div class=\"wpb-content-wrapper\"><p>[vc_row row_type=&#8221;row&#8221; use_row_as_full_screen_section=&#8221;no&#8221; type=&#8221;full_width&#8221; anchor=&#8221;banco&#8221; oblique_section=&#8221;no&#8221; text_align=&#8221;center&#8221; triangle_shape=&#8221;no&#8221; background_color=&#8221;#ffffff&#8221; padding_top=&#8221;5&#8243; css_animation=&#8221;&#8221; box_shadow_on_row=&#8221;no&#8221;][vc_column][vc_raw_html]Jm5ic3A7[\/vc_raw_html][vc_raw_html]Jm5ic3A7[\/vc_raw_html][\/vc_column][\/vc_row][vc_row row_type=&#8221;row&#8221; use_row_as_full_screen_section=&#8221;no&#8221; type=&#8221;grid&#8221; oblique_section=&#8221;no&#8221; text_align=&#8221;center&#8221; triangle_shape=&#8221;yes&#8221; triangle_shape_position=&#8221;bottom&#8221; triangle_shape_color=&#8221;#3a3a3a&#8221; padding_bottom=&#8221;30&#8243; css_animation=&#8221;&#8221; box_shadow_on_row=&#8221;no&#8221;][vc_column width=&#8221;1\/3&#8243;]<span class=\"edgt_icon_shade edgt_icon_shortcode font_elegant normal pull-center \"  ><span aria-hidden=\"true\" class=\"edgt_icon_font_elegant icon_volume-high_alt \" style=\"font-size: 50px;color: #3399ff;line-height:52px; \" ><\/span><\/span>[vc_column_text css=&#8221;.vc_custom_1472560231653{margin-top: 30px !important;margin-bottom: 30px !important;}&#8221;]<\/p>\n<h3><a href=\"http:\/\/avoces.com\/directorio-locutores-extranjeros-profesionales\/\">Locutores Extranjeros<\/a><\/h3>\n<p>[\/vc_column_text][vc_column_text]Directorio de locutores extranjeros en un amplio repertorio de locutores nativos en multitud de idiomas disponibles para sesiones de grabaci\u00f3n en estudios locales. Selecciona la voz adecuada en nuestro directorio online. Cientos de locutores profesionales para publicidad, v\u00eddeos corporativos, tutoriales, v\u00eddeo juegos y todo tipo de producciones audiovisuales.[\/vc_column_text][\/vc_column][vc_column width=&#8221;1\/3&#8243;]<span class=\"edgt_icon_shade edgt_icon_shortcode font_elegant normal pull-center \"  ><span aria-hidden=\"true\" class=\"edgt_icon_font_elegant icon_phone \" style=\"font-size: 50px;color: #3399ff;line-height:52px; \" ><\/span><\/span>[vc_column_text css=&#8221;.vc_custom_1763988759500{margin-top: 30px !important;margin-bottom: 30px !important;}&#8221;]<\/p>\n<h3>630 22 18 36<\/h3>\n<p>[\/vc_column_text][vc_column_text]Ll\u00e1menos para comentar su proyecto y le sugeriremos las opciones disponibles en multitud de idiomas extranjeros. Miles de muestras de cientos de locutores est\u00e1n disponibles con una simple llamada o correo electr\u00f3nico. Para un resultado profesional, trabaje con profesionales.[\/vc_column_text][\/vc_column][vc_column width=&#8221;1\/3&#8243;]<span class=\"edgt_icon_shade edgt_icon_shortcode font_elegant normal  \"  ><span aria-hidden=\"true\" class=\"edgt_icon_font_elegant icon_mic \" style=\"font-size: 50px;color: #3399ff;line-height:52px; \" ><\/span><\/span>[vc_column_text css=&#8221;.vc_custom_1472152384782{margin-top: 30px !important;margin-bottom: 30px !important;}&#8221;]<\/p>\n<h3>Profesionales<\/h3>\n<p>[\/vc_column_text][vc_column_text]Hace m\u00e1s de veinte a\u00f1os que nos dedicamos exclusivamente a ofrecer servicios de locuci\u00f3n para todo tipo de producciones, desde largometrajes y series de animaci\u00f3n hasta documentales para todos los canales de TV, para cursos de idiomas, tutoriales o videojuegos.[\/vc_column_text][\/vc_column][\/vc_row]<\/p>\n<\/div>","protected":false},"excerpt":{"rendered":"<p>[vc_row row_type=&#8221;row&#8221; use_row_as_full_screen_section=&#8221;no&#8221; type=&#8221;full_width&#8221; anchor=&#8221;banco&#8221; oblique_section=&#8221;no&#8221; text_align=&#8221;center&#8221; triangle_shape=&#8221;no&#8221; background_color=&#8221;#ffffff&#8221; padding_top=&#8221;5&#8243; css_animation=&#8221;&#8221; box_shadow_on_row=&#8221;no&#8221;][vc_column][vc_raw_html]Jm5ic3A7[\/vc_raw_html][vc_raw_html]Jm5ic3A7[\/vc_raw_html][\/vc_column][\/vc_row][vc_row row_type=&#8221;row&#8221; use_row_as_full_screen_section=&#8221;no&#8221; type=&#8221;grid&#8221; oblique_section=&#8221;no&#8221; text_align=&#8221;center&#8221; triangle_shape=&#8221;yes&#8221; triangle_shape_position=&#8221;bottom&#8221; triangle_shape_color=&#8221;#3a3a3a&#8221; padding_bottom=&#8221;30&#8243; css_animation=&#8221;&#8221; box_shadow_on_row=&#8221;no&#8221;][vc_column width=&#8221;1\/3&#8243;][vc_column_text css=&#8221;.vc_custom_1472560231653{margin-top: 30px !important;margin-bottom: 30px !important;}&#8221;] Locutores Extranjeros [\/vc_column_text][vc_column_text]Directorio de locutores extranjeros en un amplio repertorio de locutores nativos en multitud de&#8230;<\/p>\n","protected":false},"author":6,"featured_media":0,"parent":0,"menu_order":0,"comment_status":"closed","ping_status":"closed","template":"full_width.php","meta":{"jetpack_post_was_ever_published":false,"footnotes":""},"class_list":["post-51906","page","type-page","status-publish","hentry"],"yoast_head":"<!-- This site is optimized with the Yoast SEO plugin v26.9 - https:\/\/yoast.com\/product\/yoast-seo-wordpress\/ -->\n<title>Directorio de Locutores Extranjeros<\/title>\n<meta name=\"description\" content=\"Directorio de locutores extranjeros para sesiones en estudios locales. Voces para v\u00eddeos corporativos, tutoriales, publicidad, etc\" \/>\n<meta name=\"robots\" content=\"index, follow, max-snippet:-1, max-image-preview:large, max-video-preview:-1\" \/>\n<link rel=\"canonical\" href=\"https:\/\/avoces.com\/directorio-locutores-extranjeros-profesionales\/\" \/>\n<meta property=\"og:locale\" content=\"en_GB\" \/>\n<meta property=\"og:type\" content=\"article\" \/>\n<meta property=\"og:title\" content=\"Directorio de Locutores Extranjeros\" \/>\n<meta property=\"og:description\" content=\"Directorio de locutores extranjeros para sesiones en estudios locales. Voces para v\u00eddeos corporativos, tutoriales, publicidad, etc\" \/>\n<meta property=\"og:url\" content=\"https:\/\/avoces.com\/directorio-locutores-extranjeros-profesionales\/\" \/>\n<meta property=\"og:site_name\" content=\"Locutores Extranjeros\" \/>\n<meta property=\"article:publisher\" content=\"https:\/\/www.facebook.com\/avoces\" \/>\n<meta property=\"article:modified_time\" content=\"2025-11-24T12:52:42+00:00\" \/>\n<meta name=\"twitter:card\" content=\"summary_large_image\" \/>\n<meta name=\"twitter:label1\" content=\"Estimated reading time\" \/>\n\t<meta name=\"twitter:data1\" content=\"1 minute\" \/>\n<script type=\"application\/ld+json\" class=\"yoast-schema-graph\">{\"@context\":\"https:\/\/schema.org\",\"@graph\":[{\"@type\":\"WebPage\",\"@id\":\"https:\/\/avoces.com\/directorio-locutores-extranjeros-profesionales\/\",\"url\":\"https:\/\/avoces.com\/directorio-locutores-extranjeros-profesionales\/\",\"name\":\"Directorio de Locutores Extranjeros\",\"isPartOf\":{\"@id\":\"https:\/\/avoces.com\/#website\"},\"datePublished\":\"2019-04-20T22:07:36+00:00\",\"dateModified\":\"2025-11-24T12:52:42+00:00\",\"description\":\"Directorio de locutores extranjeros para sesiones en estudios locales. Voces para v\u00eddeos corporativos, tutoriales, publicidad, etc\",\"breadcrumb\":{\"@id\":\"https:\/\/avoces.com\/directorio-locutores-extranjeros-profesionales\/#breadcrumb\"},\"inLanguage\":\"en-GB\",\"potentialAction\":[{\"@type\":\"ReadAction\",\"target\":[\"https:\/\/avoces.com\/directorio-locutores-extranjeros-profesionales\/\"]}]},{\"@type\":\"BreadcrumbList\",\"@id\":\"https:\/\/avoces.com\/directorio-locutores-extranjeros-profesionales\/#breadcrumb\",\"itemListElement\":[{\"@type\":\"ListItem\",\"position\":1,\"name\":\"Home\",\"item\":\"https:\/\/avoces.com\/\"},{\"@type\":\"ListItem\",\"position\":2,\"name\":\"Directorio de Locutores Extranjeros\"}]},{\"@type\":\"WebSite\",\"@id\":\"https:\/\/avoces.com\/#website\",\"url\":\"https:\/\/avoces.com\/\",\"name\":\"Locutores Extranjeros\",\"description\":\"Locutores Profesionales para Sesiones en Estudios\",\"potentialAction\":[{\"@type\":\"SearchAction\",\"target\":{\"@type\":\"EntryPoint\",\"urlTemplate\":\"https:\/\/avoces.com\/?s={search_term_string}\"},\"query-input\":{\"@type\":\"PropertyValueSpecification\",\"valueRequired\":true,\"valueName\":\"search_term_string\"}}],\"inLanguage\":\"en-GB\"}]}<\/script>\n<!-- \/ Yoast SEO plugin. -->","yoast_head_json":{"title":"Directorio de Locutores Extranjeros","description":"Directorio de locutores extranjeros para sesiones en estudios locales. Voces para v\u00eddeos corporativos, tutoriales, publicidad, etc","robots":{"index":"index","follow":"follow","max-snippet":"max-snippet:-1","max-image-preview":"max-image-preview:large","max-video-preview":"max-video-preview:-1"},"canonical":"https:\/\/avoces.com\/directorio-locutores-extranjeros-profesionales\/","og_locale":"en_GB","og_type":"article","og_title":"Directorio de Locutores Extranjeros","og_description":"Directorio de locutores extranjeros para sesiones en estudios locales. Voces para v\u00eddeos corporativos, tutoriales, publicidad, etc","og_url":"https:\/\/avoces.com\/directorio-locutores-extranjeros-profesionales\/","og_site_name":"Locutores Extranjeros","article_publisher":"https:\/\/www.facebook.com\/avoces","article_modified_time":"2025-11-24T12:52:42+00:00","twitter_card":"summary_large_image","twitter_misc":{"Estimated reading time":"1 minute"},"schema":{"@context":"https:\/\/schema.org","@graph":[{"@type":"WebPage","@id":"https:\/\/avoces.com\/directorio-locutores-extranjeros-profesionales\/","url":"https:\/\/avoces.com\/directorio-locutores-extranjeros-profesionales\/","name":"Directorio de Locutores Extranjeros","isPartOf":{"@id":"https:\/\/avoces.com\/#website"},"datePublished":"2019-04-20T22:07:36+00:00","dateModified":"2025-11-24T12:52:42+00:00","description":"Directorio de locutores extranjeros para sesiones en estudios locales. Voces para v\u00eddeos corporativos, tutoriales, publicidad, etc","breadcrumb":{"@id":"https:\/\/avoces.com\/directorio-locutores-extranjeros-profesionales\/#breadcrumb"},"inLanguage":"en-GB","potentialAction":[{"@type":"ReadAction","target":["https:\/\/avoces.com\/directorio-locutores-extranjeros-profesionales\/"]}]},{"@type":"BreadcrumbList","@id":"https:\/\/avoces.com\/directorio-locutores-extranjeros-profesionales\/#breadcrumb","itemListElement":[{"@type":"ListItem","position":1,"name":"Home","item":"https:\/\/avoces.com\/"},{"@type":"ListItem","position":2,"name":"Directorio de Locutores Extranjeros"}]},{"@type":"WebSite","@id":"https:\/\/avoces.com\/#website","url":"https:\/\/avoces.com\/","name":"Locutores Extranjeros","description":"Locutores Profesionales para Sesiones en Estudios","potentialAction":[{"@type":"SearchAction","target":{"@type":"EntryPoint","urlTemplate":"https:\/\/avoces.com\/?s={search_term_string}"},"query-input":{"@type":"PropertyValueSpecification","valueRequired":true,"valueName":"search_term_string"}}],"inLanguage":"en-GB"}]}},"jetpack_sharing_enabled":false,"jetpack_shortlink":"https:\/\/wp.me\/P7k444-dvc","jetpack-related-posts":[],"_links":{"self":[{"href":"https:\/\/jtf.htw.temporary.site\/voicelibrary.net\/wp-json\/wp\/v2\/pages\/51906","targetHints":{"allow":["GET"]}}],"collection":[{"href":"https:\/\/jtf.htw.temporary.site\/voicelibrary.net\/wp-json\/wp\/v2\/pages"}],"about":[{"href":"https:\/\/jtf.htw.temporary.site\/voicelibrary.net\/wp-json\/wp\/v2\/types\/page"}],"author":[{"embeddable":true,"href":"https:\/\/jtf.htw.temporary.site\/voicelibrary.net\/wp-json\/wp\/v2\/users\/6"}],"replies":[{"embeddable":true,"href":"https:\/\/jtf.htw.temporary.site\/voicelibrary.net\/wp-json\/wp\/v2\/comments?post=51906"}],"version-history":[{"count":6,"href":"https:\/\/jtf.htw.temporary.site\/voicelibrary.net\/wp-json\/wp\/v2\/pages\/51906\/revisions"}],"predecessor-version":[{"id":52023,"href":"https:\/\/jtf.htw.temporary.site\/voicelibrary.net\/wp-json\/wp\/v2\/pages\/51906\/revisions\/52023"}],"wp:attachment":[{"href":"https:\/\/jtf.htw.temporary.site\/voicelibrary.net\/wp-json\/wp\/v2\/media?parent=51906"}],"curies":[{"name":"wp","href":"https:\/\/api.w.org\/{rel}","templated":true}]}}